{"id":137,"date":"2011-03-11T15:43:11","date_gmt":"2011-03-11T14:43:11","guid":{"rendered":"http:\/\/www.dr-thomas-hartung.de\/?page_id=137"},"modified":"2011-03-31T21:49:47","modified_gmt":"2011-03-31T20:49:47","slug":"2-radiozeit","status":"publish","type":"page","link":"https:\/\/www.dr-thomas-hartung.de\/?page_id=137","title":{"rendered":"4. Radiozeit"},"content":{"rendered":"<h2>Gr\u00fcndungsredakteur bei &#8222;Antenne Sachsen&#8220;<\/h2>\n<div id=\"attachment_139\" style=\"width: 330px\" class=\"wp-caption aligncenter\"><a href=\"https:\/\/www.dr-thomas-hartung.de\/wp-content\/uploads\/2011\/03\/Antenne-1.jpg\"><img aria-describedby=\"caption-attachment-139\" decoding=\"async\" loading=\"lazy\" class=\"size-full wp-image-139\" title=\"Antenne 1\" src=\"https:\/\/www.dr-thomas-hartung.de\/wp-content\/uploads\/2011\/03\/Antenne-1.jpg\" alt=\"\" width=\"320\" height=\"240\" srcset=\"https:\/\/www.dr-thomas-hartung.de\/wp-content\/uploads\/2011\/03\/Antenne-1.jpg 320w, https:\/\/www.dr-thomas-hartung.de\/wp-content\/uploads\/2011\/03\/Antenne-1-300x225.jpg 300w\" sizes=\"(max-width: 320px) 100vw, 320px\" \/><\/a><p id=\"caption-attachment-139\" class=\"wp-caption-text\">Entspannte Fr\u00fchschicht im Containerstudio im Pentacon<\/p><\/div>\n<div id=\"attachment_572\" style=\"width: 330px\" class=\"wp-caption aligncenter\"><a href=\"https:\/\/www.dr-thomas-hartung.de\/wp-content\/uploads\/2011\/03\/Antenne.jpg\"><img aria-describedby=\"caption-attachment-572\" decoding=\"async\" loading=\"lazy\" class=\"size-full wp-image-572\" title=\"Antenne\" src=\"https:\/\/www.dr-thomas-hartung.de\/wp-content\/uploads\/2011\/03\/Antenne.jpg\" alt=\"\" width=\"320\" height=\"237\" srcset=\"https:\/\/www.dr-thomas-hartung.de\/wp-content\/uploads\/2011\/03\/Antenne.jpg 320w, https:\/\/www.dr-thomas-hartung.de\/wp-content\/uploads\/2011\/03\/Antenne-300x222.jpg 300w\" sizes=\"(max-width: 320px) 100vw, 320px\" \/><\/a><p id=\"caption-attachment-572\" class=\"wp-caption-text\">Ein f\u00fcr mich emotional aufgeladenes Bild: ich begleitete meine Volont\u00e4rin, die viel zu fr\u00fch verstorbene Tina Seime (Mitte), auf einer Reportage \u00fcber Terence Hill, der in seinem Kindheitsort Lommatzsch eine verlorene &quot;Wetten, da\u00df&quot;-Wette einl\u00f6st. Au\u00dferdem dabei: Katrin Schifelbein (heute &quot;94,3 rs2&quot;, 2.v.r.) und Christoph Springer (heute &quot;Dresdner Neueste Nachrichten&quot;)<\/p><\/div>\n<div id=\"attachment_140\" style=\"width: 330px\" class=\"wp-caption aligncenter\"><a href=\"https:\/\/www.dr-thomas-hartung.de\/wp-content\/uploads\/2011\/03\/Antenne-2.jpg\"><img aria-describedby=\"caption-attachment-140\" decoding=\"async\" loading=\"lazy\" class=\"size-full wp-image-140\" title=\"Antenne 2\" src=\"https:\/\/www.dr-thomas-hartung.de\/wp-content\/uploads\/2011\/03\/Antenne-2.jpg\" alt=\"\" width=\"320\" height=\"240\" srcset=\"https:\/\/www.dr-thomas-hartung.de\/wp-content\/uploads\/2011\/03\/Antenne-2.jpg 320w, https:\/\/www.dr-thomas-hartung.de\/wp-content\/uploads\/2011\/03\/Antenne-2-300x225.jpg 300w\" sizes=\"(max-width: 320px) 100vw, 320px\" \/><\/a><p id=\"caption-attachment-140\" class=\"wp-caption-text\">Frauentagsreporter 1994 - in Ermangelung eines \u00dc-Wagens mit Funktelefon<\/p><\/div>\n","protected":false},"excerpt":{"rendered":"<p>Gr\u00fcndungsredakteur bei &#8222;Antenne Sachsen&#8220;<\/p>\n","protected":false},"author":1,"featured_media":0,"parent":18,"menu_order":40,"comment_status":"closed","ping_status":"closed","template":"","meta":[],"_links":{"self":[{"href":"https:\/\/www.dr-thomas-hartung.de\/index.php?rest_route=\/wp\/v2\/pages\/137"}],"collection":[{"href":"https:\/\/www.dr-thomas-hartung.de\/index.php?rest_route=\/wp\/v2\/pages"}],"about":[{"href":"https:\/\/www.dr-thomas-hartung.de\/index.php?rest_route=\/wp\/v2\/types\/page"}],"author":[{"embeddable":true,"href":"https:\/\/www.dr-thomas-hartung.de\/index.php?rest_route=\/wp\/v2\/users\/1"}],"replies":[{"embeddable":true,"href":"https:\/\/www.dr-thomas-hartung.de\/index.php?rest_route=%2Fwp%2Fv2%2Fcomments&post=137"}],"version-history":[{"count":14,"href":"https:\/\/www.dr-thomas-hartung.de\/index.php?rest_route=\/wp\/v2\/pages\/137\/revisions"}],"predecessor-version":[{"id":849,"href":"https:\/\/www.dr-thomas-hartung.de\/index.php?rest_route=\/wp\/v2\/pages\/137\/revisions\/849"}],"up":[{"embeddable":true,"href":"https:\/\/www.dr-thomas-hartung.de\/index.php?rest_route=\/wp\/v2\/pages\/18"}],"wp:attachment":[{"href":"https:\/\/www.dr-thomas-hartung.de\/index.php?rest_route=%2Fwp%2Fv2%2Fmedia&parent=137"}],"curies":[{"name":"wp","href":"https:\/\/api.w.org\/{rel}","templated":true}]}}