{"id":324,"date":"2011-03-17T21:56:58","date_gmt":"2011-03-17T20:56:58","guid":{"rendered":"http:\/\/www.dr-thomas-hartung.de\/?page_id=324"},"modified":"2026-01-06T10:38:45","modified_gmt":"2026-01-06T09:38:45","slug":"10-belichtungszeit","status":"publish","type":"page","link":"https:\/\/www.dr-thomas-hartung.de\/?page_id=324","title":{"rendered":"12. Belichtungszeit"},"content":{"rendered":"<h2>Impressionen von der Ostsee<\/h2>\n<h3>Vor allem meiner &#8222;Lieblingsinsel&#8220; R\u00fcgen, die ich f\u00fcr mein Wohlbefinden meist zweimal j\u00e4hrlich aufsuche<\/h3>\n<h3><\/h3>\n<p style=\"text-align: center;\"><a href=\"https:\/\/www.dr-thomas-hartung.de\/wp-content\/uploads\/2011\/03\/17.jpg\"><img decoding=\"async\" loading=\"lazy\" class=\"aligncenter size-full wp-image-347\" title=\"10\" src=\"https:\/\/www.dr-thomas-hartung.de\/wp-content\/uploads\/2011\/03\/10.jpg\" alt=\"\" width=\"320\" height=\"241\" srcset=\"https:\/\/www.dr-thomas-hartung.de\/wp-content\/uploads\/2011\/03\/10.jpg 320w, https:\/\/www.dr-thomas-hartung.de\/wp-content\/uploads\/2011\/03\/10-300x225.jpg 300w\" sizes=\"(max-width: 320px) 100vw, 320px\" \/><img decoding=\"async\" loading=\"lazy\" class=\"aligncenter size-full wp-image-346\" title=\"9\" src=\"https:\/\/www.dr-thomas-hartung.de\/wp-content\/uploads\/2011\/03\/9.jpg\" alt=\"\" width=\"240\" height=\"314\" srcset=\"https:\/\/www.dr-thomas-hartung.de\/wp-content\/uploads\/2011\/03\/9.jpg 240w, https:\/\/www.dr-thomas-hartung.de\/wp-content\/uploads\/2011\/03\/9-229x300.jpg 229w\" sizes=\"(max-width: 240px) 100vw, 240px\" \/><img decoding=\"async\" loading=\"lazy\" class=\"aligncenter size-full wp-image-344\" title=\"7\" src=\"https:\/\/www.dr-thomas-hartung.de\/wp-content\/uploads\/2011\/03\/7.jpg\" alt=\"\" width=\"320\" height=\"240\" srcset=\"https:\/\/www.dr-thomas-hartung.de\/wp-content\/uploads\/2011\/03\/7.jpg 320w, https:\/\/www.dr-thomas-hartung.de\/wp-content\/uploads\/2011\/03\/7-300x225.jpg 300w\" sizes=\"(max-width: 320px) 100vw, 320px\" \/><img decoding=\"async\" loading=\"lazy\" class=\"aligncenter size-full wp-image-343\" title=\"6\" src=\"https:\/\/www.dr-thomas-hartung.de\/wp-content\/uploads\/2011\/03\/6.jpg\" alt=\"\" width=\"320\" height=\"240\" srcset=\"https:\/\/www.dr-thomas-hartung.de\/wp-content\/uploads\/2011\/03\/6.jpg 320w, https:\/\/www.dr-thomas-hartung.de\/wp-content\/uploads\/2011\/03\/6-300x225.jpg 300w\" sizes=\"(max-width: 320px) 100vw, 320px\" \/><img decoding=\"async\" loading=\"lazy\" class=\"aligncenter size-full wp-image-342\" title=\"5\" src=\"https:\/\/www.dr-thomas-hartung.de\/wp-content\/uploads\/2011\/03\/51.jpg\" alt=\"\" width=\"320\" height=\"240\" srcset=\"https:\/\/www.dr-thomas-hartung.de\/wp-content\/uploads\/2011\/03\/51.jpg 320w, https:\/\/www.dr-thomas-hartung.de\/wp-content\/uploads\/2011\/03\/51-300x225.jpg 300w\" sizes=\"(max-width: 320px) 100vw, 320px\" \/><img decoding=\"async\" loading=\"lazy\" class=\"aligncenter size-full wp-image-341\" title=\"4\" src=\"https:\/\/www.dr-thomas-hartung.de\/wp-content\/uploads\/2011\/03\/41.jpg\" alt=\"\" width=\"240\" height=\"320\" srcset=\"https:\/\/www.dr-thomas-hartung.de\/wp-content\/uploads\/2011\/03\/41.jpg 240w, https:\/\/www.dr-thomas-hartung.de\/wp-content\/uploads\/2011\/03\/41-225x300.jpg 225w\" sizes=\"(max-width: 240px) 100vw, 240px\" \/><img decoding=\"async\" loading=\"lazy\" class=\"aligncenter size-full wp-image-340\" title=\"3\" src=\"https:\/\/www.dr-thomas-hartung.de\/wp-content\/uploads\/2011\/03\/31.jpg\" alt=\"\" width=\"320\" height=\"240\" srcset=\"https:\/\/www.dr-thomas-hartung.de\/wp-content\/uploads\/2011\/03\/31.jpg 320w, https:\/\/www.dr-thomas-hartung.de\/wp-content\/uploads\/2011\/03\/31-300x225.jpg 300w\" sizes=\"(max-width: 320px) 100vw, 320px\" \/><img decoding=\"async\" loading=\"lazy\" class=\"aligncenter size-full wp-image-338\" title=\"1\" src=\"https:\/\/www.dr-thomas-hartung.de\/wp-content\/uploads\/2011\/03\/11.jpg\" alt=\"\" width=\"240\" height=\"320\" srcset=\"https:\/\/www.dr-thomas-hartung.de\/wp-content\/uploads\/2011\/03\/11.jpg 240w, https:\/\/www.dr-thomas-hartung.de\/wp-content\/uploads\/2011\/03\/11-225x300.jpg 225w\" sizes=\"(max-width: 240px) 100vw, 240px\" \/><img decoding=\"async\" loading=\"lazy\" class=\"aligncenter size-full wp-image-345\" title=\"8\" src=\"https:\/\/www.dr-thomas-hartung.de\/wp-content\/uploads\/2011\/03\/8.jpg\" alt=\"\" width=\"320\" height=\"240\" srcset=\"https:\/\/www.dr-thomas-hartung.de\/wp-content\/uploads\/2011\/03\/8.jpg 320w, https:\/\/www.dr-thomas-hartung.de\/wp-content\/uploads\/2011\/03\/8-300x225.jpg 300w\" sizes=\"(max-width: 320px) 100vw, 320px\" \/><img decoding=\"async\" loading=\"lazy\" class=\"aligncenter size-medium wp-image-1314\" title=\"11\" src=\"https:\/\/www.dr-thomas-hartung.de\/wp-content\/uploads\/2011\/03\/52-225x300.jpg\" alt=\"\" width=\"225\" height=\"300\" srcset=\"https:\/\/www.dr-thomas-hartung.de\/wp-content\/uploads\/2011\/03\/52-225x300.jpg 225w, https:\/\/www.dr-thomas-hartung.de\/wp-content\/uploads\/2011\/03\/52.jpg 480w\" sizes=\"(max-width: 225px) 100vw, 225px\" \/><img decoding=\"async\" loading=\"lazy\" class=\"aligncenter size-medium wp-image-1315\" title=\"12\" src=\"https:\/\/www.dr-thomas-hartung.de\/wp-content\/uploads\/2011\/03\/12-225x300.jpg\" alt=\"\" width=\"225\" height=\"300\" srcset=\"https:\/\/www.dr-thomas-hartung.de\/wp-content\/uploads\/2011\/03\/12-225x300.jpg 225w, https:\/\/www.dr-thomas-hartung.de\/wp-content\/uploads\/2011\/03\/12.jpg 480w\" sizes=\"(max-width: 225px) 100vw, 225px\" \/><img decoding=\"async\" loading=\"lazy\" class=\"aligncenter size-medium wp-image-1316\" title=\"13\" src=\"https:\/\/www.dr-thomas-hartung.de\/wp-content\/uploads\/2011\/03\/22-300x225.jpg\" alt=\"\" width=\"300\" height=\"225\" srcset=\"https:\/\/www.dr-thomas-hartung.de\/wp-content\/uploads\/2011\/03\/22-300x225.jpg 300w, https:\/\/www.dr-thomas-hartung.de\/wp-content\/uploads\/2011\/03\/22.jpg 640w\" sizes=\"(max-width: 300px) 100vw, 300px\" \/><img decoding=\"async\" loading=\"lazy\" class=\"aligncenter size-medium wp-image-1317\" title=\"14\" src=\"https:\/\/www.dr-thomas-hartung.de\/wp-content\/uploads\/2011\/03\/32-300x225.jpg\" alt=\"\" width=\"300\" height=\"225\" srcset=\"https:\/\/www.dr-thomas-hartung.de\/wp-content\/uploads\/2011\/03\/32-300x225.jpg 300w, https:\/\/www.dr-thomas-hartung.de\/wp-content\/uploads\/2011\/03\/32.jpg 640w\" sizes=\"(max-width: 300px) 100vw, 300px\" \/><img decoding=\"async\" loading=\"lazy\" class=\"aligncenter size-medium wp-image-1318\" title=\"15\" src=\"https:\/\/www.dr-thomas-hartung.de\/wp-content\/uploads\/2011\/03\/42-225x300.jpg\" alt=\"\" width=\"225\" height=\"300\" srcset=\"https:\/\/www.dr-thomas-hartung.de\/wp-content\/uploads\/2011\/03\/42-225x300.jpg 225w, https:\/\/www.dr-thomas-hartung.de\/wp-content\/uploads\/2011\/03\/42.jpg 480w\" sizes=\"(max-width: 225px) 100vw, 225px\" \/><\/a><a href=\"https:\/\/www.dr-thomas-hartung.de\/wp-content\/uploads\/2011\/03\/23.jpg\"><img decoding=\"async\" loading=\"lazy\" class=\"aligncenter size-full wp-image-1552\" title=\"23\" src=\"https:\/\/www.dr-thomas-hartung.de\/wp-content\/uploads\/2011\/03\/23.jpg\" alt=\"\" width=\"227\" height=\"311\" srcset=\"https:\/\/www.dr-thomas-hartung.de\/wp-content\/uploads\/2011\/03\/23.jpg 454w, https:\/\/www.dr-thomas-hartung.de\/wp-content\/uploads\/2011\/03\/23-218x300.jpg 218w\" sizes=\"(max-width: 227px) 100vw, 227px\" \/><\/a><img decoding=\"async\" loading=\"lazy\" class=\"aligncenter size-full wp-image-1550\" title=\"21\" src=\"https:\/\/www.dr-thomas-hartung.de\/wp-content\/uploads\/2011\/03\/211.jpg\" alt=\"\" width=\"311\" height=\"233\" srcset=\"https:\/\/www.dr-thomas-hartung.de\/wp-content\/uploads\/2011\/03\/211.jpg 640w, https:\/\/www.dr-thomas-hartung.de\/wp-content\/uploads\/2011\/03\/211-300x225.jpg 300w\" sizes=\"(max-width: 311px) 100vw, 311px\" \/><img decoding=\"async\" loading=\"lazy\" class=\"aligncenter size-full wp-image-1551\" title=\"22\" src=\"https:\/\/www.dr-thomas-hartung.de\/wp-content\/uploads\/2011\/03\/221.jpg\" alt=\"\" width=\"230\" height=\"307\" srcset=\"https:\/\/www.dr-thomas-hartung.de\/wp-content\/uploads\/2011\/03\/221.jpg 480w, https:\/\/www.dr-thomas-hartung.de\/wp-content\/uploads\/2011\/03\/221-225x300.jpg 225w\" sizes=\"(max-width: 230px) 100vw, 230px\" \/><a href=\"https:\/\/www.dr-thomas-hartung.de\/wp-content\/uploads\/2011\/03\/16.jpg\"><img decoding=\"async\" loading=\"lazy\" class=\"aligncenter size-full wp-image-1545\" title=\"16\" src=\"https:\/\/www.dr-thomas-hartung.de\/wp-content\/uploads\/2011\/03\/16.jpg\" alt=\"\" width=\"230\" height=\"307\" srcset=\"https:\/\/www.dr-thomas-hartung.de\/wp-content\/uploads\/2011\/03\/16.jpg 480w, https:\/\/www.dr-thomas-hartung.de\/wp-content\/uploads\/2011\/03\/16-225x300.jpg 225w\" sizes=\"(max-width: 230px) 100vw, 230px\" \/><\/a><\/p>\n<p style=\"text-align: center;\"><a href=\"https:\/\/www.dr-thomas-hartung.de\/wp-content\/uploads\/2011\/03\/24.jpg\"><img decoding=\"async\" loading=\"lazy\" class=\"aligncenter size-full wp-image-1544\" title=\"24\" src=\"https:\/\/www.dr-thomas-hartung.de\/wp-content\/uploads\/2011\/03\/24.jpg\" alt=\"\" width=\"230\" height=\"307\" srcset=\"https:\/\/www.dr-thomas-hartung.de\/wp-content\/uploads\/2011\/03\/24.jpg 480w, https:\/\/www.dr-thomas-hartung.de\/wp-content\/uploads\/2011\/03\/24-225x300.jpg 225w\" sizes=\"(max-width: 230px) 100vw, 230px\" \/><\/a><img decoding=\"async\" loading=\"lazy\" class=\"aligncenter size-full wp-image-1546\" title=\"17\" src=\"https:\/\/www.dr-thomas-hartung.de\/wp-content\/uploads\/2011\/03\/17.jpg\" alt=\"\" width=\"230\" height=\"307\" srcset=\"https:\/\/www.dr-thomas-hartung.de\/wp-content\/uploads\/2011\/03\/17.jpg 480w, https:\/\/www.dr-thomas-hartung.de\/wp-content\/uploads\/2011\/03\/17-225x300.jpg 225w\" sizes=\"(max-width: 230px) 100vw, 230px\" \/><\/p>\n<p style=\"text-align: center;\"><a href=\"https:\/\/www.dr-thomas-hartung.de\/wp-content\/uploads\/2011\/03\/18.jpg\"><img decoding=\"async\" loading=\"lazy\" class=\"aligncenter size-full wp-image-1547\" title=\"18\" src=\"https:\/\/www.dr-thomas-hartung.de\/wp-content\/uploads\/2011\/03\/18.jpg\" alt=\"\" width=\"307\" height=\"230\" srcset=\"https:\/\/www.dr-thomas-hartung.de\/wp-content\/uploads\/2011\/03\/18.jpg 640w, https:\/\/www.dr-thomas-hartung.de\/wp-content\/uploads\/2011\/03\/18-300x225.jpg 300w\" sizes=\"(max-width: 307px) 100vw, 307px\" \/><\/a><\/p>\n<p style=\"text-align: center;\"><a href=\"https:\/\/www.dr-thomas-hartung.de\/wp-content\/uploads\/2011\/03\/19.jpg\"><img decoding=\"async\" loading=\"lazy\" class=\"aligncenter size-full wp-image-1548\" title=\"19\" src=\"https:\/\/www.dr-thomas-hartung.de\/wp-content\/uploads\/2011\/03\/19.jpg\" alt=\"\" width=\"230\" height=\"307\" srcset=\"https:\/\/www.dr-thomas-hartung.de\/wp-content\/uploads\/2011\/03\/19.jpg 480w, https:\/\/www.dr-thomas-hartung.de\/wp-content\/uploads\/2011\/03\/19-225x300.jpg 225w\" sizes=\"(max-width: 230px) 100vw, 230px\" \/><\/a><\/p>\n\n\n<figure class=\"wp-block-image\"><img decoding=\"async\" loading=\"lazy\" width=\"1024\" height=\"768\" src=\"https:\/\/www.dr-thomas-hartung.de\/wp-content\/uploads\/2019\/10\/75543782_10220825842775424_161157403558019072_o-1024x768.jpg\" alt=\"\" class=\"wp-image-4548\"\/><\/figure>\n\n\n\n<figure class=\"wp-block-image\"><img decoding=\"async\" src=\"https:\/\/www.dr-thomas-hartung.de\/wp-content\/uploads\/2019\/10\/75137225_10220845620749861_3865078526080188416_n.jpg\" alt=\"\" class=\"wp-image-4547\"\/><\/figure>\n\n\n\n<figure class=\"wp-block-image\"><img decoding=\"async\" src=\"https:\/\/www.dr-thomas-hartung.de\/wp-content\/uploads\/2019\/10\/74340802_10220833140957874_8151085197450805248_n.jpg\" alt=\"\" class=\"wp-image-4546\"\/><\/figure>\n\n\n\n<figure class=\"wp-block-image\"><img decoding=\"async\" src=\"https:\/\/www.dr-thomas-hartung.de\/wp-content\/uploads\/2019\/10\/74226527_10220833138557814_5148058396393472000_n.jpg\" alt=\"\" class=\"wp-image-4545\"\/><\/figure>\n\n\n\n<figure class=\"wp-block-image\"><img decoding=\"async\" loading=\"lazy\" width=\"1024\" height=\"768\" src=\"https:\/\/www.dr-thomas-hartung.de\/wp-content\/uploads\/2019\/10\/74205650_10220825776253761_6602942949749686272_o-1024x768.jpg\" alt=\"\" class=\"wp-image-4544\"\/><\/figure>\n\n\n\n<figure class=\"wp-block-image\"><img decoding=\"async\" loading=\"lazy\" width=\"1024\" height=\"768\" src=\"https:\/\/www.dr-thomas-hartung.de\/wp-content\/uploads\/2019\/10\/73524557_10220832005169480_7314836811308597248_o-1024x768.jpg\" alt=\"\" class=\"wp-image-4543\"\/><\/figure>\n\n\n\n<figure class=\"wp-block-image\"><img decoding=\"async\" loading=\"lazy\" width=\"1024\" height=\"768\" src=\"https:\/\/www.dr-thomas-hartung.de\/wp-content\/uploads\/2019\/10\/73403895_10220825780093857_8904670147638198272_o-1024x768.jpg\" alt=\"\" class=\"wp-image-4542\"\/><\/figure>\n\n\n\n<figure class=\"wp-block-image\"><img decoding=\"async\" src=\"https:\/\/www.dr-thomas-hartung.de\/wp-content\/uploads\/2019\/10\/73230511_10220853435745231_7868676649468821504_n.jpg\" alt=\"\" class=\"wp-image-4541\"\/><\/figure>\n\n\n\n<figure class=\"wp-block-image\"><img decoding=\"async\" loading=\"lazy\" width=\"1024\" height=\"768\" src=\"https:\/\/www.dr-thomas-hartung.de\/wp-content\/uploads\/2019\/10\/72845705_10220825776013755_429037211049000960_o-1024x768.jpg\" alt=\"\" class=\"wp-image-4540\"\/><\/figure>\n","protected":false},"excerpt":{"rendered":"<p>Impressionen von der Ostsee Vor allem meiner &#8222;Lieblingsinsel&#8220; R\u00fcgen, die ich f\u00fcr mein Wohlbefinden meist zweimal j\u00e4hrlich aufsuche<\/p>\n","protected":false},"author":1,"featured_media":0,"parent":18,"menu_order":120,"comment_status":"open","ping_status":"closed","template":"","meta":[],"_links":{"self":[{"href":"https:\/\/www.dr-thomas-hartung.de\/index.php?rest_route=\/wp\/v2\/pages\/324"}],"collection":[{"href":"https:\/\/www.dr-thomas-hartung.de\/index.php?rest_route=\/wp\/v2\/pages"}],"about":[{"href":"https:\/\/www.dr-thomas-hartung.de\/index.php?rest_route=\/wp\/v2\/types\/page"}],"author":[{"embeddable":true,"href":"https:\/\/www.dr-thomas-hartung.de\/index.php?rest_route=\/wp\/v2\/users\/1"}],"replies":[{"embeddable":true,"href":"https:\/\/www.dr-thomas-hartung.de\/index.php?rest_route=%2Fwp%2Fv2%2Fcomments&post=324"}],"version-history":[{"count":14,"href":"https:\/\/www.dr-thomas-hartung.de\/index.php?rest_route=\/wp\/v2\/pages\/324\/revisions"}],"predecessor-version":[{"id":7084,"href":"https:\/\/www.dr-thomas-hartung.de\/index.php?rest_route=\/wp\/v2\/pages\/324\/revisions\/7084"}],"up":[{"embeddable":true,"href":"https:\/\/www.dr-thomas-hartung.de\/index.php?rest_route=\/wp\/v2\/pages\/18"}],"wp:attachment":[{"href":"https:\/\/www.dr-thomas-hartung.de\/index.php?rest_route=%2Fwp%2Fv2%2Fmedia&parent=324"}],"curies":[{"name":"wp","href":"https:\/\/api.w.org\/{rel}","templated":true}]}}