{"id":46,"date":"2011-03-11T09:18:35","date_gmt":"2011-03-11T08:18:35","guid":{"rendered":"http:\/\/www.dr-thomas-hartung.de\/?page_id=46"},"modified":"2019-09-17T18:36:16","modified_gmt":"2019-09-17T17:36:16","slug":"3-aufsatze","status":"publish","type":"page","link":"https:\/\/www.dr-thomas-hartung.de\/?page_id=46","title":{"rendered":"3. Aufs\u00e4tze"},"content":{"rendered":"<p><strong><a href=\"http:\/\/www.linguistik-online.org\/55_12\/hartung.html\" target=\"_blank\" rel=\"noopener noreferrer\">Die Paronomasie als werbestilistisches Element<\/a>. <\/strong>Zur gef\u00fchlten Inflation einer rhetorischen Figur. In: \u201eLinguistik online&#8220;, Heft 55\/2012<\/p>\n<p><strong>Zwischen Lehre und Publizit\u00e4t<\/strong>. Zur Situation s\u00e4chsischen Universit\u00e4tsfernsehens. In: \u201e<a href=\"http:\/\/www.filmverband-sachsen.de\/filmverband\/publikationen.html\" target=\"_blank\" rel=\"noopener noreferrer\">Ausl\u00f6ser<\/a>\u201c, Fachzeitschrift des Filmverband Sachsen e.V., Heft 02\/2011 &amp; 03\/2011, Dresden<\/p>\n<p><strong>Lokalfernsehen<\/strong> (mit Rika <a href=\"https:\/\/www.me.hs-mittweida.de\/mitarbeiterinnen-mitarbeiter\/fleck-rika.html\" target=\"_blank\" rel=\"noopener noreferrer\">Fleck<\/a>). In: Kr\u00f6mker, Heidi \/ Klimsa, Paul (Hrsg.): \u201eHandbuch der <a href=\"http:\/\/www.amazon.de\/Handbuch-Medienproduktion-Produktion-Internet-Mobilfunk\/dp\/3531140310\/ref=sr_1_1?ie=UTF8&amp;s=books&amp;qid=1299854228&amp;sr=1-1\" target=\"_blank\" rel=\"noopener noreferrer\">Medienproduktion<\/a>\u201c,\u00a0 VS Verlag Wiesbaden 2005<\/p>\n<p><em>Hinweis:<\/em> Der Aufsatz lag bereits im Herbst 2003 vor. Aufgrund mehrerer Verz\u00f6gerungen von Seiten der Herausgeber, des Verlags sowie weiterer Beitr\u00e4ger, die u.a. aus einer ge\u00e4nderten Publikationsstrategie herr\u00fchrten, erschien der Text erst zwei Jahre sp\u00e4ter und um \u00fcber die H\u00e4lfte gek\u00fcrzt. Daher ist <a href=\"https:\/\/www.dr-thomas-hartung.de\/wp-content\/uploads\/2011\/03\/Urfassung-TV-Skript.pdf\">hier<\/a> das Original (*.pdf) aufgenommen.<\/p>\n<p><strong>Das Prinzip Staunen<\/strong>. In: Wissenschaftliche Zeitschrift der P\u00e4dagogischen Hochschule Magdeburg WZPHM, 29. Jahrgang (1992), Heft 4<\/p>\n<p><strong>Von Arbes bis Zyka<\/strong> &#8211; Tschechoslowakische SF in der DDR. In: WZPHM, 29. Jahrgang (1992), Heft 2<\/p>\n<p><strong>Zwischen Zukunftsunf\u00e4higkeit und Zukunftsbewu\u00dftsein<\/strong>. In: WZPHM, 28. Jahrgang (1991), Heft 3<\/p>\n<p><strong>Science Fiction in der DDR<\/strong>. In: <a href=\"http:\/\/www.uni-leipzig.de\/daf\/\" target=\"_blank\" rel=\"noopener noreferrer\">Deutsch als Fremdsprache<\/a>, Herder-Institut Leipzig, 27. Jahrgang (1990), Literarisches Sonderheft<\/p>\n","protected":false},"excerpt":{"rendered":"<p>Die Paronomasie als werbestilistisches Element. Zur gef\u00fchlten Inflation einer rhetorischen Figur. In: \u201eLinguistik online&#8220;, Heft 55\/2012 Zwischen Lehre und Publizit\u00e4t. Zur Situation s\u00e4chsischen Universit\u00e4tsfernsehens. In: \u201eAusl\u00f6ser\u201c, Fachzeitschrift des Filmverband Sachsen e.V., Heft 02\/2011 &amp; 03\/2011, Dresden Lokalfernsehen (mit Rika Fleck). In: Kr\u00f6mker, Heidi \/ Klimsa, Paul (Hrsg.): \u201eHandbuch der Medienproduktion\u201c,\u00a0 VS Verlag Wiesbaden 2005 Hinweis: [&hellip;]<\/p>\n","protected":false},"author":1,"featured_media":0,"parent":16,"menu_order":20,"comment_status":"closed","ping_status":"closed","template":"","meta":[],"_links":{"self":[{"href":"https:\/\/www.dr-thomas-hartung.de\/index.php?rest_route=\/wp\/v2\/pages\/46"}],"collection":[{"href":"https:\/\/www.dr-thomas-hartung.de\/index.php?rest_route=\/wp\/v2\/pages"}],"about":[{"href":"https:\/\/www.dr-thomas-hartung.de\/index.php?rest_route=\/wp\/v2\/types\/page"}],"author":[{"embeddable":true,"href":"https:\/\/www.dr-thomas-hartung.de\/index.php?rest_route=\/wp\/v2\/users\/1"}],"replies":[{"embeddable":true,"href":"https:\/\/www.dr-thomas-hartung.de\/index.php?rest_route=%2Fwp%2Fv2%2Fcomments&post=46"}],"version-history":[{"count":27,"href":"https:\/\/www.dr-thomas-hartung.de\/index.php?rest_route=\/wp\/v2\/pages\/46\/revisions"}],"predecessor-version":[{"id":4344,"href":"https:\/\/www.dr-thomas-hartung.de\/index.php?rest_route=\/wp\/v2\/pages\/46\/revisions\/4344"}],"up":[{"embeddable":true,"href":"https:\/\/www.dr-thomas-hartung.de\/index.php?rest_route=\/wp\/v2\/pages\/16"}],"wp:attachment":[{"href":"https:\/\/www.dr-thomas-hartung.de\/index.php?rest_route=%2Fwp%2Fv2%2Fmedia&parent=46"}],"curies":[{"name":"wp","href":"https:\/\/api.w.org\/{rel}","templated":true}]}}