{"id":62,"date":"2011-03-11T09:33:44","date_gmt":"2011-03-11T08:33:44","guid":{"rendered":"http:\/\/www.dr-thomas-hartung.de\/?page_id=62"},"modified":"2019-09-17T18:35:45","modified_gmt":"2019-09-17T17:35:45","slug":"6-verstreutes","status":"publish","type":"page","link":"https:\/\/www.dr-thomas-hartung.de\/?page_id=62","title":{"rendered":"6. Verstreutes"},"content":{"rendered":"<p><strong>Herausgeberschaft<\/strong><\/p>\n<p><strong>&#8222;<\/strong><a href=\"https:\/\/www.dr-thomas-hartung.de\/wp-content\/uploads\/2011\/03\/Cover.jpg\">Medienproduktion praktisch<\/a><strong>&#8222;<\/strong>. <a href=\"http:\/\/www.vdm-verlag.de\/\" target=\"_blank\" rel=\"noopener noreferrer\">VDM-Verlag<\/a> Saarbr\u00fccken 2008 &#8211;<\/p>\n<h5>Hinweis: Die bisher erschienen B\u00e4nde sind unter &#8222;Diplombetreuungen&#8220; verlinkt, da die Reihe als Podium f\u00fcr sehr gute Abschlussarbeiten unter meiner Betreuung konzipiert ist.<\/h5>\n<p><strong>Lektorat<\/strong><\/p>\n<p>Arndt <a href=\"http:\/\/www.wandern-kinder.de\/index.html\" target=\"_blank\" rel=\"noopener noreferrer\">Noack<\/a>: <a href=\"http:\/\/www.amazon.de\/Wandern-mit-Kindern-S%C3%A4chsischen-Schweiz\/dp\/3000306153\/ref=sr_1_1?s=books&amp;ie=UTF8&amp;qid=1299854515&amp;sr=1-1\" target=\"_blank\" rel=\"noopener noreferrer\">Wandern<\/a> mit Kindern in der S\u00e4chsischen Schweiz. Dresden (Selbstverlag) 2010<\/p>\n<p>Verein Gartenstadt e.V. (Hrsg.): 100 Jahre Gartenstadt. Chronik einer Stadtrandsiedlung. Erfurt (Selbstverlag) 2012<\/p>\n<p>Arndt <a href=\"http:\/\/alle-wandern.de\/index.html\" target=\"_blank\" rel=\"noopener noreferrer\">Noack<\/a>: <a href=\"http:\/\/www.amazon.de\/Wandern-f%C3%BCr-jedermann-S%C3%A4chsischen-Schweiz\/dp\/3000413677\/ref=sr_1_3?s=books&amp;ie=UTF8&amp;qid=1364298327&amp;sr=1-3\" target=\"_blank\" rel=\"noopener noreferrer\">Wandern<\/a> f\u00fcr jedermann in der S\u00e4chsischen Schweiz. Dresden (Selbstverlag) 2013<\/p>\n<p><strong>Reviews<br \/>\n<\/strong><\/p>\n<p>&#8222;Drehscheibe Dresden&#8220; bei &#8222;Fernsehen in Dresden GmbH&#8220;: Review des  Programms unter publizistischen und \u00e4sthetischen Aspekten. GmbH-interne  w\u00f6chentliche Gutachten, Dresden 2006.<\/p>\n<p>&#8222;Drehscheibe Dresden&#8220; bei &#8222;Elb TV&#8220;: Review des Programms unter werbe- und lizenzrechtlichen Aspekten. Nicht\u00f6ffentliches Gutachten, Dresden 2005<\/p>\n<p>&#8222;Wirkungen von Mediengewalt&#8220; und &#8222;Film\u00e4sthetik: James Camerons &#8218;Titanic'&#8220;. Gutachten von Seminarfacharbeiten Th\u00fcringer Gymnasien 2000 &#8211; 2003<\/p>\n<p><strong>Biobibliographische Artikel<\/strong><\/p>\n<p>Klaus Fr\u00fchauf. Victor Grossmann. In: Lexikon der Kinder- und Jugendbuchautoren der DDR, geplant Berlin 1991 (nicht mehr erschienen)<\/p>\n<p><strong>Selbst\u00e4ndige PR-Publikationen<\/strong><\/p>\n<p>&#8222;<a href=\"http:\/\/aifilm.eu\/aif\/home.php?wysiwyg=home\" target=\"_blank\" rel=\"noopener noreferrer\">AI Film<\/a>&#8222;. Werbe-Konzeptionen f\u00fcr Crossmedia- und Imagekampagnen. Dresden 2008 &#8211;<\/p>\n<p>&#8222;Singkreis Magdeburg&#8220;. <a href=\"https:\/\/www.dr-thomas-hartung.de\/wp-content\/uploads\/2011\/03\/Singkreis.jpg\">Imagefolder<\/a> und diverse <a href=\"https:\/\/www.dr-thomas-hartung.de\/wp-content\/uploads\/2011\/03\/Singkreis2.jpg\">Programmpublikationen<\/a>. Magdeburg 1989 &#8211; 1992<\/p>\n","protected":false},"excerpt":{"rendered":"<p>Herausgeberschaft &#8222;Medienproduktion praktisch&#8222;. VDM-Verlag Saarbr\u00fccken 2008 &#8211; Hinweis: Die bisher erschienen B\u00e4nde sind unter &#8222;Diplombetreuungen&#8220; verlinkt, da die Reihe als Podium f\u00fcr sehr gute Abschlussarbeiten unter meiner Betreuung konzipiert ist. Lektorat Arndt Noack: Wandern mit Kindern in der S\u00e4chsischen Schweiz. Dresden (Selbstverlag) 2010 Verein Gartenstadt e.V. (Hrsg.): 100 Jahre Gartenstadt. Chronik einer Stadtrandsiedlung. Erfurt (Selbstverlag) [&hellip;]<\/p>\n","protected":false},"author":1,"featured_media":0,"parent":16,"menu_order":50,"comment_status":"closed","ping_status":"closed","template":"","meta":[],"_links":{"self":[{"href":"https:\/\/www.dr-thomas-hartung.de\/index.php?rest_route=\/wp\/v2\/pages\/62"}],"collection":[{"href":"https:\/\/www.dr-thomas-hartung.de\/index.php?rest_route=\/wp\/v2\/pages"}],"about":[{"href":"https:\/\/www.dr-thomas-hartung.de\/index.php?rest_route=\/wp\/v2\/types\/page"}],"author":[{"embeddable":true,"href":"https:\/\/www.dr-thomas-hartung.de\/index.php?rest_route=\/wp\/v2\/users\/1"}],"replies":[{"embeddable":true,"href":"https:\/\/www.dr-thomas-hartung.de\/index.php?rest_route=%2Fwp%2Fv2%2Fcomments&post=62"}],"version-history":[{"count":24,"href":"https:\/\/www.dr-thomas-hartung.de\/index.php?rest_route=\/wp\/v2\/pages\/62\/revisions"}],"predecessor-version":[{"id":4349,"href":"https:\/\/www.dr-thomas-hartung.de\/index.php?rest_route=\/wp\/v2\/pages\/62\/revisions\/4349"}],"up":[{"embeddable":true,"href":"https:\/\/www.dr-thomas-hartung.de\/index.php?rest_route=\/wp\/v2\/pages\/16"}],"wp:attachment":[{"href":"https:\/\/www.dr-thomas-hartung.de\/index.php?rest_route=%2Fwp%2Fv2%2Fmedia&parent=62"}],"curies":[{"name":"wp","href":"https:\/\/api.w.org\/{rel}","templated":true}]}}