{"id":67,"date":"2011-03-11T10:12:05","date_gmt":"2011-03-11T10:12:05","guid":{"rendered":"http:\/\/www.dr-thomas-hartung.de\/?page_id=67"},"modified":"2014-03-18T22:11:02","modified_gmt":"2014-03-18T21:11:02","slug":"1-lehrveranstaltungen","status":"publish","type":"page","link":"https:\/\/www.dr-thomas-hartung.de\/?page_id=67","title":{"rendered":"1. Lehrveranstaltungen"},"content":{"rendered":"<h2><span style=\"text-decoration: underline;\">LV-Liste<\/span><\/h2>\n<p><strong>Die Studieng\u00e4nge und Abschl\u00fcsse werden in einer Legende weiter unten erl\u00e4utert. Die Art der Lehrveranstaltungen wird so dargestellt:<\/strong><\/p>\n<ul>\n<li><strong>\u00dc <\/strong>&#8211; \u00dcbung (Praktisches Produkt)<\/li>\n<li><strong>V <\/strong>&#8211; Vorlesung ohne fachspezifische Pr\u00fcfung bzw. mit Beleg<\/li>\n<li><strong>VK<\/strong> &#8211; Vorlesung \/ Klausur<\/li>\n<li><strong>VPH <\/strong>&#8211; Vorlesung \/ Pr\u00e4sentation (Vortrag) und Hausarbeit<\/li>\n<li><strong>ST<\/strong> &#8211; Seminar \/ Testat<\/li>\n<\/ul>\n<p><strong>Hinweis: <\/strong>f\u00fcr markierte Lehrveranstaltungen liegen studentische Evaluationen (*.pdf) vor, die sich beim Klicken im selben Fenster \u00f6ffnen.<\/p>\n<p>Weitere Bewertungen (nach Anmeldung) unter:<\/p>\n<ul>\n<li><a href=\"http:\/\/www.meinprof.de\/uni\/prof\/19851\" target=\"_blank\">http:\/\/www.meinprof.de\/uni\/prof\/19851<\/a><\/li>\n<li><a href=\"http:\/\/www.meinprof.de\/uni\/prof\/31047\" target=\"_blank\">http:\/\/www.meinprof.de\/uni\/prof\/31047<\/a><\/li>\n<\/ul>\n<p><strong>SS 2014<\/strong><\/p>\n<ul>\n<li>BA Dresden (M) \/ V (90 h): PR \/ \u00d6ffentlichkeitsarbeit<\/li>\n<li>TU Dresden AQUA \/ \u00dc (30 h): Kopflicht.TV \u2013 Produktion eines Webmagazins<\/li>\n<\/ul>\n<p><strong>WS 2013\/14<\/strong><\/p>\n<ul>\n<li>BA Dresden (M) \/ V (90 h): Publizistisches Arbeiten Print\/Online<\/li>\n<li>BA Dresden (M) \/ V (80 h): Angewandte Medienwissenschaften<\/li>\n<li>TU Dresden AQUA \/ \u00dc (30 h): Kopflicht.TV \u2013 Produktion eines Webmagazins<\/li>\n<li>BA Dresden (M) \/ VK (16 h): Wahrnehmungspsychologie der Medien<\/li>\n<\/ul>\n<p><strong>SS 2013<\/strong><\/p>\n<ul>\n<li>accadis FH Bad Homburg (B) \/ VK (20 h): Mediengestaltung und- produktion<\/li>\n<li>HS Mittweida \/ VPH (12 h): Politische und Regierungskommunikation (gemeinsam mit K.T. Huttner, SMWK Dresden)<\/li>\n<li>TU Dresden AQUA \/ \u00dc (30 h): Kopflicht.TV \u2013 Produktion eines Webmagazins<\/li>\n<li>BA Dresden (M) \/ VPH (90 h): PR \/ \u00d6ffentlichkeitsarbeit<\/li>\n<li>BA Dresden (M) \/ VPH (80 h): Mediendidaktik \/ Autoren- und Lernsysteme<\/li>\n<li>FH Diploma Leipzig \/ VK (20 h): Medienwissenschaft<\/li>\n<li>FH Diploma Leipzig \/ VK (12 h): Medienmarketing<\/li>\n<\/ul>\n<p><strong>WS 2012\/13<\/strong><\/p>\n<ul>\n<li>TU Dresden AQUA \/ \u00dc (30 h): Kopflicht.TV \u2013 Produktion eines Webmagazins<\/li>\n<li>BA Dresden (M) \/ V (90 h): Publizistisches Arbeiten Print\/Online<\/li>\n<li>BA Dresden (M) \/ V (80 h): Angewandte Medienwissenschaften<\/li>\n<li>BA Dresden (M) \/ VK (16 h): Wahrnehmungspsychologie der Medien<\/li>\n<li>FH Diploma Leipzig \/ VK (24 h): Mediengestaltung<\/li>\n<\/ul>\n<p><strong>SS 2012<\/strong><\/p>\n<ul>\n<li>TU Dresden AQUA \/ \u00dc (30 h): Kopflicht.TV \u2013 Produktion eines Webmagazins<\/li>\n<li>accadis FH Bad Homburg (B) \/ VK (20 h): Mediengestaltung und- produktion<\/li>\n<li>IUBH Bad Honnef (B) \/ V: Konsumentenverhalten und Marktforschung (13 Videovorlesungen)<\/li>\n<li>IUBH Bad Honnef (B) \/ V: Wirtschaftsethik (12 Videovorlesungen)<\/li>\n<li>HS Mittweida \/ VPH (12 h): Politische und Regierungskommunikation (gemeinsam mit K.T. Huttner, SMWK Dresden)<\/li>\n<li>DEPAK Berlin \/ V: Marketingsprache (Videovorlesung &amp; Online-Tutorial)<\/li>\n<li>DEPAK Berlin \/ V: Wortspiele in der Marktkommunikation (Videovorlesung)<\/li>\n<li>DEPAK Berlin \/ V: Interviews gezielt vorbereiten (Videovorlesung)<\/li>\n<li>DEPAK Berlin \/ V: Kommunikationsideen inszenieren (Videovorlesung &amp; Online-Tutorial)<\/li>\n<li>DEPAK Berlin \/ V: Crashkurs Publizistik (Videovorlesung)<\/li>\n<\/ul>\n<p><strong>WS 2011\/12<\/strong><\/p>\n<ul>\n<li>IBA Erfurt (M) \/ VPH (30 h): Mediaplanung<\/li>\n<li>TU Dresden AQUA \/ \u00dc (30 h): Kopflicht.TV \u2013 Produktion eines Webmagazins<\/li>\n<li>BA Dresden (M) \/ \u00dc (48 h): Mediendidaktik II<\/li>\n<li>BA Dresden (M) \/ VK (48 h): Journalismus\/PR<\/li>\n<li>BA Dresden (M) \/ ST (24 h): Probleml\u00f6seprozesse<\/li>\n<\/ul>\n<p><strong>SS 2011<\/strong><\/p>\n<ul>\n<li>TU Dresden AQUA \/ \u00dc (30 h): Kopflicht.TV \u2013 Produktion eines Webmagazins<\/li>\n<li>HS Mittweida \/ VPH (12 h): Politische und Regierungskommunikation (gemeinsam mit K.T. Huttner, SMWK Dresden)<\/li>\n<li>BA Dresden (M) \/ VK (24 h): Mediendidaktik I<\/li>\n<li>EBC Berlin \/ VK (30 h): Mediengesch\u00e4ftsmodelle<\/li>\n<li>EBC Berlin \/ VK (30 h): Radio- und Musikproduktion<\/li>\n<li>AfBB Dresden (E) \/ VK (120 h): Kreativ-Kulturelle Kompetenzen &#8211; Medien<\/li>\n<\/ul>\n<p><strong>WS 2010\/11<\/strong><\/p>\n<ul>\n<li>TU Dresden AQUA \/ \u00dc (30 h): Kopflicht.TV \u2013 Produktion eines Webmagazins<\/li>\n<li>BA Dresden (M) \/ VK (48 h): Journalismus &amp; PR<\/li>\n<li>BA Dresden (M) \/ VK (16 h): Wahrnehmungspsychologie der Medien<\/li>\n<li>SVWA Dresden \/ V (12 h): Unternehmenskommunikation \/ PR<\/li>\n<li>SVWA Dresden \/ V (12 h): Werbungsmanagement<\/li>\n<li>AfBB Dresden (E) \/ \u00dc (120 h): Medienp\u00e4dagogik<\/li>\n<li>AfBB Dresden (E) \/ VK (120 h): Kreativ-Kulturelle Kompetenzen \u2013 Medien<\/li>\n<\/ul>\n<p><strong>SS 2010<\/strong><\/p>\n<ul>\n<li>TU Dresden AQUA \/ \u00dc (30 h): Kopflicht.TV \u2013 Produktion eines Webmagazins<\/li>\n<li>BA Dresden (H) \/ VPH (24 h): Corporate Identity<\/li>\n<li>BA Dresden (H) \/ VK (24): Medien, PR und \u00d6ffentlichkeitsarbeit<\/li>\n<li>esb Mediencollege Dresden (MW) \/ VK (30 h): Medienbetriebswirtschaft<\/li>\n<li>esb Mediencollege Dresden (MW) \/ VK (15 h): Publikumsforschung<\/li>\n<li>Fortis Fakultas Chemnitz (MW) \/ VK (12 h): Medienmarketing<\/li>\n<li>EBC Berlin \/ VK (30 h): Mediengesch\u00e4ftsmodelle<\/li>\n<\/ul>\n<p><strong>WS 2009\/10<\/strong><\/p>\n<ul>\n<li>TU Dresden K \/ \u00dc (30 h): StudiTV \u2013 Konzeption eines Webmagazins<\/li>\n<li>BA Dresden (M) \/ VK (16 h): Wahrnehmungspsychologie der Medien<\/li>\n<li>BA Dresden (M) \/ VK (48 h): Journalismus &amp; PR<\/li>\n<li>BA Dresden (M) \/ \u00dc (48 h): Mediendidaktik II<\/li>\n<li>BA Dresden (H) \/ VPH (24 h): Corporate Identity<\/li>\n<li>BA Dresden (H) \/ VK (24 h): Medien, PR und \u00d6ffentlichkeitsarbeit<\/li>\n<li>BA Dresden (H) \/ ST (24 h): Lern-, Arbeits- und Kreativit\u00e4tstechniken<\/li>\n<li>esb Mediencollege Dresden (MW) \/ VK (30 h): Rechtsordnung<\/li>\n<li>esb Mediencollege Dresden (MW) \/ VK (15 h): Internationale Medien- und Kultursysteme<\/li>\n<li>esb Mediencollege Dresden (MW) \/ VK (30 h): Kommunikationsforschung<\/li>\n<li>Fortis Fakultas Chemnitz (MW) \/ VPH (60 h): Visuelle Kommunikation<\/li>\n<\/ul>\n<p><strong>SS 2009<\/strong><\/p>\n<ul>\n<li>TU Dresden K \/ \u00dc (30 h): StudiTV \u2013 Konzeption eines Webmagazins<\/li>\n<li>TU Dresden AQUA \/ \u00dc (30 h): &#8222;Wo bleibst du&#8220; \u2013 Imagefilm (in Kooperation mit dem Akademischen Auslandsamt)<\/li>\n<li>BA Dresden (H) \/ VPH (24 h): Corporate Identity<\/li>\n<li>BA Dresden (H) \/ VK (24 h): Medien, PR und \u00d6ffentlichkeitsarbeit<\/li>\n<\/ul>\n<p><strong>WS 2008 \/ 09<\/strong><\/p>\n<ul>\n<li>BA Dresden (H) \/ VPH (24 h): Corporate Identity<\/li>\n<li>BA Dresden (M) \/ VK (24 h): Wahrnehmungspsychologie der Medien<\/li>\n<\/ul>\n<p><strong>SS 2008<\/strong><\/p>\n<ul>\n<li>SVWA Dresden \/ V (16 h): Unternehmenskommunikation \/ PR<\/li>\n<\/ul>\n<p><strong>WS 2007 \/ 08<\/strong><\/p>\n<ul>\n<li>FH Magdeburg-Stendal \/ \u00dc (30): <a href=\"https:\/\/www.dr-thomas-hartung.de\/wp-content\/uploads\/2011\/03\/Praktische-Fernsehproduktion.pdf\">TV-Praxis<\/a><\/li>\n<li>BA Dresden (M) \/ \u00dc (48 h): Mediendidaktik II<\/li>\n<li>BA Dresden (M) \/ VK (48 h): Journalismus &amp; PR<\/li>\n<li>BA Dresden (M) \/ VK (24 h): Wahrnehmungspsychologie der Medien<\/li>\n<li>EBC Berlin \/ VPH (30 h): Medienbetriebslehre<\/li>\n<li>EBC Berlin \/ VPH (30 h): Corporate Identity<\/li>\n<li>FH Diploma Leipzig \/ VK (32 h): Allgemeine und Mediendidaktik<\/li>\n<\/ul>\n<p><strong>SS 2007<\/strong><\/p>\n<ul>\n<li>TU Dresden K \/ \u00dc (30 h): TV-Producing<\/li>\n<li>FH Magdeburg-Stendal \/ VPH (30 h): <a href=\"https:\/\/www.dr-thomas-hartung.de\/wp-content\/uploads\/2011\/03\/Inhaltsanalyse.pdf\">Medienforschungspraxis<\/a><\/li>\n<li>FH Magdeburg-Stendal \/ VPH (30 h): TV-\u00c4sthetik<\/li>\n<li>BA Dresden (M) \/ VK (24 h): Mediendidaktik I<\/li>\n<li>EBC Dresden \/ VK (30 h): Medien, PR und \u00d6ffentlichkeitsarbeit<\/li>\n<li>FH Diploma Leipzig \/ VK (32 h): Allgemeine und Mediendidaktik<\/li>\n<\/ul>\n<p><strong>WS 2006 \/ 07<\/strong><\/p>\n<ul>\n<li>TU Dresden K \/ \u00dc (30 h): TV-Producing<\/li>\n<li>FH Magdeburg-Stendal \/ VPH (30 h): Medienforschungspraxis<\/li>\n<li>FH Magdeburg-Stendal \/ VPH (30 h): TV-Journalismus<\/li>\n<li>BA Dresden (M) \/ \u00dc (48 h): Mediendidaktik II<\/li>\n<li>BA Dresden (M) \/ VK (48 h): Journalismus &amp; PR<\/li>\n<li>BA Dresden (M)\u00a0 \/ VK (24 h): Wahrnehmungspsychologie der Medien<\/li>\n<li>EBC Dresden \/ \u00dc (30 h): Praktische Wirtschaftskommunikation<\/li>\n<li>EBC Berlin \/ VPH (30 h): Grundlagen des Journalismus \/ Recherche<\/li>\n<li>FH Diploma Leipzig \/ VK (32 h): Allgemeine und Mediendidaktik<\/li>\n<\/ul>\n<p><strong>SS 2006<\/strong><\/p>\n<ul>\n<li>TU Dresden K \/ \u00dc (30 h): TV-Producing<\/li>\n<li>FH Magdeburg-Stendal \/ VPH (30 h): Medienforschungspraxis<\/li>\n<li>FH Magdeburg-Stendal \/ VPH (30 h): <a href=\"https:\/\/www.dr-thomas-hartung.de\/wp-content\/uploads\/2011\/03\/Fernseh\u00e4stehtik.pdf\">TV-\u00c4sthetik<\/a><\/li>\n<li>BA Dresden (M) VK (24 h): Mediendidaktik I<\/li>\n<li>SVWA Dresden \/ V (16 h): Fernsehjournalismus<\/li>\n<li>SVWA Dresden \/ V (16 h): Medienmanagement TV<\/li>\n<li>FH Diploma Leipzig \/ VK (32 h): Allgemeine und Mediendidaktik<\/li>\n<\/ul>\n<p><strong>WS 2005 \/ 06<\/strong><\/p>\n<ul>\n<li>TU Dresden K \/ \u00dc (30 h): TV-Producing<\/li>\n<li>FH Magdeburg-Stendal \/ VPH (30 h): Medienforschungspraxis<\/li>\n<li>FH Magdeburg-Stendal \/ VPH (30 h): TV-Journalismus<\/li>\n<li>BA Dresden (M)\u00a0 \/ \u00dc (48 h): Mediendidaktik II<\/li>\n<li>BA Dresden (M)\u00a0 \/ VK (48 h): Journalismus &amp; PR<\/li>\n<li>BA Dresden (M) \/ VK (24 h): Wahrnehmungspsychologie der Medien<\/li>\n<li>FH Diploma Leipzig \/ VK (32 h): Allgemeine und Mediendidaktik<\/li>\n<\/ul>\n<p><strong>SS 2005<\/strong><\/p>\n<ul>\n<li>TU Dresden K \/ \u00dc (30 h): <a href=\"https:\/\/www.dr-thomas-hartung.de\/wp-content\/uploads\/2011\/03\/TV-Producing-SoSe-2005.pdf\">TV-Producing<\/a><\/li>\n<li>FH Magdeburg-Stendal \/ VPH (32 h): <a href=\"https:\/\/www.dr-thomas-hartung.de\/wp-content\/uploads\/2011\/03\/Fernsehgeschichte.pdf\">TV-Geschichte Deutschlands<\/a><\/li>\n<li>FH Magdeburg-Stendal \/ VPH (30 h): Medienforschungspraxis \u2013 Inhaltsanalyse<\/li>\n<li>BA Dresden (M) \/ VK (24 h): Mediendidaktik I<\/li>\n<li>BA Dresden (M) \/ ST (12 h): Wissenschaftliches Arbeiten<\/li>\n<li>FH Diploma Leipzig \/ VK (32 h): Allgemeine und Mediendidaktik<\/li>\n<\/ul>\n<p><strong>WS 2004 \/ 05<\/strong><\/p>\n<ul>\n<li>TU Dresden K \/ \u00dc (30 h): TV-Producing<\/li>\n<li>FH Magdeburg-Stendal \/ VPH (32 h): TV-Geschichte Deutschlands<\/li>\n<li>BA Dresden (M) \/ \u00dc (48 h): Mediendidaktik II<\/li>\n<li>BA Dresden (M) \/ VK (48 h): Journalismus &amp; PR<\/li>\n<li>BA Dresden (M)\u00a0 \/ VK (24 h): Wahrnehmungspsychologie der Medien<\/li>\n<li>BA Dresden (H) \/ ST (24 h): Wissenschaftliches Arbeiten<\/li>\n<li>BA Dresden (H) \/ ST (24 h): Kommunikation &amp; Pr\u00e4sentation<\/li>\n<li>FH Diploma Leipzig \/ VK (32 h): Allgemeine und Mediendidaktik<\/li>\n<\/ul>\n<p><strong>SS 2004<\/strong><\/p>\n<ul>\n<li>SVWA Dresden \/ V (16 h): Fernsehjournalismus<\/li>\n<li>FH Magdeburg-Stendal \/ VPH (32 h): TV-Geschichte Deutschland<\/li>\n<li>FH Magdeburg-Stendal \/ VPH (30 h): TV-\u00c4sthetik<\/li>\n<li>BA Dresden (M) \/ VK (24 h): Mediendidaktik I<\/li>\n<li>BA Dresden (M) \/ ST (12 h): Wissenschaftliches Arbeiten<\/li>\n<li>FH Diploma Leipzig \/ VK (32 h): Allgemeine und Mediendidaktik<\/li>\n<\/ul>\n<p><strong>WS 2003 \/ 04<\/strong><\/p>\n<ul>\n<li>FH Magdeburg-Stendal \/ VPH (32 h): TV-Geschichte Deutschlands<\/li>\n<li>FH Magdeburg-Stendal \/ VPH (30 h): TV-\u00c4sthetik<\/li>\n<li>BA Dresden (M) \/ \u00dc (48 h): Medienprojektarbeit \u2013 Imagefilm<\/li>\n<li>BA Dresden (M)\u00a0 \/ \u00dc (48): Mediendidaktik II<\/li>\n<li>BA Dresden (M)\u00a0 \/VK (48): Journalismus &amp; PR<\/li>\n<li>BA Dresden (M) \/ VK (24 h): Wahrnehmungspsychologie der Medien<\/li>\n<li>FH Diploma Leipzig \/ VK (32 h): Allgemeine und Mediendidaktik<\/li>\n<\/ul>\n<p><strong>SS 2003<\/strong><\/p>\n<ul>\n<li>TU Dresden K \/ \u00dc (30 h): TV-Producing<\/li>\n<li>FH Magdeburg-Stendal \/ VPH (32 h): TV-Geschichte Deutschlands<\/li>\n<li>FH Magdeburg-Stendal \/ VPH (30 h): TV-\u00c4sthetik<\/li>\n<li>BA Dresden (M) \/ VK (24 h): Mediendidaktik I<\/li>\n<li>BA Dresden (M) \/ ST (12 h): Wissenschaftliches Arbeiten<\/li>\n<\/ul>\n<p><strong>WS 2002 \/ 03<\/strong><\/p>\n<ul>\n<li>FH Magdeburg-Stendal \/ VPH (32 h): TV-Geschichte Deutschlands<\/li>\n<li>FH Magdeburg-Stendal \/ VK (30 h): TV-Journalismus<\/li>\n<li>FH Magdeburg-Stendal \/ VK (30 h): TV-\u00c4sthetik<\/li>\n<li>BA Dresden (M) \/ VK (24 h): Wahrnehmungspsychologie der Medien<\/li>\n<\/ul>\n<p><strong>SS 2002<\/strong><\/p>\n<ul>\n<li>SVWA Dresden \/ V (16 h): Fernsehjournalismus<\/li>\n<\/ul>\n<p><strong>WS 2001 \/ 02<\/strong><\/p>\n<ul>\n<li>TU Dresden K \/ \u00dc (30 h): TV-Producing<\/li>\n<\/ul>\n<p><strong>SS 2001<\/strong><\/p>\n<ul>\n<li>TU Dresden K \/ \u00dc (30 h): TV-Producing<\/li>\n<\/ul>\n<p><strong>WS 2000 \/ 01<\/strong><\/p>\n<ul>\n<li>TU Dresden K \/ \u00dc (30 h): TV-Producing<\/li>\n<li>Uni Leipzig \/ \u00dc (30 h): TV-Magazinjournalismus<\/li>\n<\/ul>\n<p><strong>SS 2000<\/strong><\/p>\n<ul>\n<li>TU Dresden K \/ \u00dc (30 h): TV-Producing<\/li>\n<li>SVWA Dresden \/ V (16 h): Fernsehjournalismus<\/li>\n<\/ul>\n<p><strong>WS 1999 \/ 2000<\/strong><\/p>\n<ul>\n<li>TU Dresden K \/ \u00dc (30 h): TV-Producing<\/li>\n<\/ul>\n<p><strong>SS 1999<\/strong><\/p>\n<ul>\n<li>TU Dresden K \/ \u00dc (30 h): TV-Producing<\/li>\n<\/ul>\n<p><strong>WS 1998 \/ 99<\/strong><\/p>\n<ul>\n<li>TU Dresden K \/ \u00dc (30 h): TV-Producing<\/li>\n<\/ul>\n<p><strong>SS 1998<\/strong><\/p>\n<ul>\n<li>TU Dresden K \/ \u00dc (30 h): TV-Producing<\/li>\n<\/ul>\n<p><strong>WS 1991 \/ 92 <\/strong>(Gastdozentur 14 Tage)<\/p>\n<ul>\n<li>Uni Brno \/ V: Neue Deutsche Literatur<\/li>\n<\/ul>\n<p><strong>WS 1990 \/ 91<\/strong><\/p>\n<ul>\n<li>PH Magdeburg \/ ST (30 h): Neueste Deutsche Literatur<\/li>\n<\/ul>\n<p><strong>SS 1990<\/strong><\/p>\n<ul>\n<li>PH Magdeburg \/ ST (30 h): Literaturtheorie<\/li>\n<\/ul>\n<h2><span style=\"text-decoration: underline;\">Legende<\/span><\/h2>\n<p><a href=\"http:\/\/www.internationale-ba.de\/\" target=\"_blank\"><strong>Internationale Berufsakademie M <\/strong><\/a><\/p>\n<ul>\n<li>Betriebswirtschaft, Spezialisierung Marketingkommunikation\/PR: Bachelor &#8211; Direktstudium<\/li>\n<\/ul>\n<p><a href=\"http:\/\/tu-dresden.de\/die_tu_dresden\/fakultaeten\/philosophische_fakultaet\/ikw\" target=\"_blank\"><strong>TU Dresden K<\/strong><\/a><\/p>\n<ul>\n<li>Kommunikationswissenschaft: Magister HF, NF; Bachelor &#8211; Direktstudium<\/li>\n<\/ul>\n<p><a href=\"http:\/\/tu-dresden.de\/die_tu_dresden\/fakultaeten\/philosophische_fakultaet\/inst\" target=\"_blank\"><strong>TU Dresden AQUA<\/strong><\/a><\/p>\n<ul>\n<li>Philosophische Fakult\u00e4t: diverse Direktstudieng\u00e4nge<\/li>\n<\/ul>\n<p><a href=\"http:\/\/www.kmw.uni-leipzig.de\/institut\/lehrprojekte\/lehrredaktionen\/\" target=\"_blank\"><strong>Uni Leipzig<\/strong><\/a><\/p>\n<ul>\n<li>Medienwissenschaft: Magister HF, NF; Diplom &#8211; Direktstudium<\/li>\n<li>Journalistik: Magister HF, NF; Diplom &#8211; Direktstudium<\/li>\n<\/ul>\n<p><a href=\"http:\/\/www.fachkommunikation.hs-magdeburg.de\/medien\/cms\/index.php?id=210\" target=\"_blank\"><strong>FH Magdeburg-Stendal<\/strong><\/a><\/p>\n<ul>\n<li>Journalistik\/Medienmanagement: Diplom &#8211; Direktstudium<\/li>\n<\/ul>\n<p><a href=\"http:\/\/www.fortis-fakultas.de\/fakultas_bachelor\/bachelor_seiten\/studium\/digital_design.html\" target=\"_blank\"><strong>Fortis Fakultas Chemnitz gGmbH (MW)<\/strong><\/a><\/p>\n<ul>\n<li>Angewandte Medienwirtschaft\/Digital Design: Bachelor &#8211; Direktstudium<\/li>\n<\/ul>\n<p><a href=\"http:\/\/www.mediencollege.de\/wp\/awm-academy\/\" target=\"_blank\"><strong>esb Mediencollege Dresden gGmbH (MW)<\/strong><\/a><\/p>\n<ul>\n<li>Angewandte Medienwirtschaft\/Game Design: Bachelor &#8211; Direktstudium<\/li>\n<\/ul>\n<p><a href=\"http:\/\/www.ba-dresden.de\/index2.php?menu=1&amp;item=3\" target=\"_blank\"><strong>BA Dresden (M)<\/strong><\/a><\/p>\n<ul>\n<li>Medienproduktion: Diplom (Medieninformatik), ab 2013 Bachelor &#8211; Direktstudium<\/li>\n<\/ul>\n<p><a href=\"http:\/\/www.ba-dresden.de\/index2.php?menu=1&amp;item=7\" target=\"_blank\"><strong>BA Dresden (H)<\/strong><\/a><\/p>\n<ul>\n<li>Handel: Diplom (Betriebswirt) &#8211; Direktstudium<\/li>\n<\/ul>\n<p><a href=\"https:\/\/www.me.hs-mittweida.de\/studium\/informationen-fuer-bewerber\/information-and-communication-science.html\" target=\"_blank\"><strong>HS Mittweida <\/strong><\/a><\/p>\n<ul>\n<li>Information &amp; Communication Science: Master &#8211; Direktstudium<\/li>\n<\/ul>\n<p><a href=\"http:\/\/www.s-vwa.de\/cms\/studiengaenge\/fachstudiengaenge\/medienmanagement\/index.html\" target=\"_blank\"><strong>SVWA Dresden<\/strong><\/a><\/p>\n<ul>\n<li>Medienmanagement: Diplom (Medienbetriebswirt) &#8211; berufsbegleitendes Studium<\/li>\n<\/ul>\n<p><a href=\"http:\/\/www.ebc-hochschule.de\/media-communication-management-studienprogramme-92.html\" target=\"_blank\"><strong>EBC Hochschulen<\/strong><\/a><\/p>\n<ul>\n<li>Dresden: Tourismus- &amp; Eventmanagement: EMA &#8211; Direktstudium<\/li>\n<li>Berlin: International Media Management: EMA &#8211; Direktstudium (bis 2008)<\/li>\n<li>Berlin: Communication &amp; Media Management: Bachelor &#8211; Direktstudium<\/li>\n<\/ul>\n<p><strong><a href=\"http:\/\/diploma.de\/\" target=\"_blank\">FH diploma<\/a> Leipzig<\/strong><\/p>\n<ul>\n<li>Physiotherapie; Ergotherapie: Diplom &#8211; berufsbegleitendes Studium<\/li>\n<\/ul>\n<p><a href=\"http:\/\/www.ped.muni.cz\/katedry-a-instituty\/nemecky-jazyk-literatura\" target=\"_blank\"><strong>Uni Brno<\/strong><\/a><\/p>\n<ul>\n<li>Germanistik im Lehramt: Diplom &#8211; Direktstudium<\/li>\n<\/ul>\n<p><a href=\"http:\/\/www.iger.ovgu.de\/\" target=\"_blank\"><strong>PH Magdeburg<\/strong><\/a><\/p>\n<ul>\n<li>Germanistik \/ Germanistik im Lehramt: Diplom &#8211; Direktstudium<\/li>\n<\/ul>\n","protected":false},"excerpt":{"rendered":"<p>LV-Liste Die Studieng\u00e4nge und Abschl\u00fcsse werden in einer Legende weiter unten erl\u00e4utert. Die Art der Lehrveranstaltungen wird so dargestellt: \u00dc &#8211; \u00dcbung (Praktisches Produkt) V &#8211; Vorlesung ohne fachspezifische Pr\u00fcfung bzw. mit Beleg VK &#8211; Vorlesung \/ Klausur VPH &#8211; Vorlesung \/ Pr\u00e4sentation (Vortrag) und Hausarbeit ST &#8211; Seminar \/ Testat Hinweis: f\u00fcr markierte Lehrveranstaltungen [&hellip;]<\/p>\n","protected":false},"author":1,"featured_media":0,"parent":10,"menu_order":10,"comment_status":"closed","ping_status":"closed","template":"","meta":[],"_links":{"self":[{"href":"https:\/\/www.dr-thomas-hartung.de\/index.php?rest_route=\/wp\/v2\/pages\/67"}],"collection":[{"href":"https:\/\/www.dr-thomas-hartung.de\/index.php?rest_route=\/wp\/v2\/pages"}],"about":[{"href":"https:\/\/www.dr-thomas-hartung.de\/index.php?rest_route=\/wp\/v2\/types\/page"}],"author":[{"embeddable":true,"href":"https:\/\/www.dr-thomas-hartung.de\/index.php?rest_route=\/wp\/v2\/users\/1"}],"replies":[{"embeddable":true,"href":"https:\/\/www.dr-thomas-hartung.de\/index.php?rest_route=%2Fwp%2Fv2%2Fcomments&post=67"}],"version-history":[{"count":64,"href":"https:\/\/www.dr-thomas-hartung.de\/index.php?rest_route=\/wp\/v2\/pages\/67\/revisions"}],"predecessor-version":[{"id":91,"href":"https:\/\/www.dr-thomas-hartung.de\/index.php?rest_route=\/wp\/v2\/pages\/67\/revisions\/91"}],"up":[{"embeddable":true,"href":"https:\/\/www.dr-thomas-hartung.de\/index.php?rest_route=\/wp\/v2\/pages\/10"}],"wp:attachment":[{"href":"https:\/\/www.dr-thomas-hartung.de\/index.php?rest_route=%2Fwp%2Fv2%2Fmedia&parent=67"}],"curies":[{"name":"wp","href":"https:\/\/api.w.org\/{rel}","templated":true}]}}