{"id":71,"date":"2011-03-11T10:13:29","date_gmt":"2011-03-11T10:13:29","guid":{"rendered":"http:\/\/www.dr-thomas-hartung.de\/?page_id=71"},"modified":"2014-11-12T14:49:51","modified_gmt":"2014-11-12T13:49:51","slug":"2-diplombetreuungen","status":"publish","type":"page","link":"https:\/\/www.dr-thomas-hartung.de\/?page_id=71","title":{"rendered":"2. Diplombetreuungen"},"content":{"rendered":"<h3>A) Themen rings um Medienkommunikation und -produktion<\/h3>\n<p><em>Unaufgef\u00fchrt <\/em><em>bleiben die ca. 100 Haus- und Studienarbeiten, <\/em><em>die ich seit 2003 an  der FH Magdeburg und der BA Dresden (Medienproduktion und Handel)<\/em><em> betreute<\/em><em>.<\/em><\/p>\n<p><em>Daneben war ich von 2003 bis 2011 an der BA Dresden als Pr\u00fcfer im Vordiplom t\u00e4tig.<br \/>\n<\/em><\/p>\n<p><strong>2014 (Bachelor)<br \/>\n<\/strong><\/p>\n<p>Zur Rolle interaktiver Panoramen beim Webdesign von Dienstleistungsunternehmen in Abh\u00e4ngigkeit vom Preissegment (Bianca Demmer, BA Dresden)<\/p>\n<p>Vor- und Nachteile verschiedener Instrumente der Marketingkommunikation am Beispiel einer Werbeagentur (Christopher K\u00f6hler, BA Dresden)<\/p>\n<p><strong>2013 (Bachelor)<br \/>\n<\/strong><\/p>\n<p>Der Einfluss des Charakters von Musik auf das Spielverhalten Jugendlicher in Rennspielen (Samuel Rau, BA Dresden)<\/p>\n<p>Wissenschaftskommunikation im Bewegtbild &#8211; von der Antizipation zur Realisation (Manuela Stahr, BA Dresden)<\/p>\n<p>Untersuchung zum Nutzungsverhalten in Online-Shops, vor allem zu Gr\u00fcnden f\u00fcr<br \/>\nKaufabbr\u00fcche (Luisa Manitz, BA Dresden)<\/p>\n<p>Potenziale von Hybrid-TV im Regionalfernsehen (Florian Sch\u00f6lzel, BA Dresden)<\/p>\n<p>Web Usability &#8211; Evaluation der Benutzerfreundlichkeit von Online-Portalen auf mobilen Endger\u00e4ten mit Touchscreen unter Einbeziehung des Online-Portals \u201eSound7\u201c (Nadja Kehrer, BA Dresden)<\/p>\n<p>Untersuchungen zum didaktischen Optimierungspotential der Lernplattform<br \/>\n\u201eprofasi.de\u201c (Beatrix F\u00f6rster, BA Dresden)<\/p>\n<p><strong>2012<\/strong><\/p>\n<p>Wahrnehmung verkehrsrechtswidriger Werbeplakate und ihr Einfluss auf die Reaktionsf\u00e4higkeit der Verkehrsteilnehmer (Tino Stief, BA Dresden)<\/p>\n<p>Untersuchungen zur dramaturgischen Funktion von Musik in Magazinbeitr\u00e4gen des \u00f6ffentlich-rechtlichen und privaten Fernsehens, dargestellt am Beispiel von BRISANT (mdr) und EXPLOSIV (rtl) (Katrin Roschig, M.A., TU Dresden)<\/p>\n<p><strong>2010<br \/>\n<\/strong><\/p>\n<p>Zu Aspekten von parasozialer Interaktion zwischen Sportstars und Jugendlichen am Beispiel von Grund- und Mittelstufensch\u00fclern aus dem Landkreis Schw\u00e4bisch Hall (Nicole Renz, FH Magdeburg)<\/p>\n<p>Tendenzen der Manipulation im Dokumentarfilm am Beispiel Michael Moore (Christian Ladtsch, FH Magdeburg)<\/p>\n<p>Zum Einfluss partizipativer Journalismusformen auf klassische Massenmedien im Gro\u00dfraum Dresden (Sven Strubel, BA Dresden)<\/p>\n<p>Chancen und Risiken des Visual Merchandising am Point of Sale (Viola Lehmann, BA Dresden)<\/p>\n<p><strong>2009<br \/>\n<\/strong><\/p>\n<p>\u201eMedienkritik 2.0\u201c? Eine Analyse von Inhalten und\u00a0 Strukturen ausgew\u00e4hlter Medienblogs in der deutschsprachigen Blogosph\u00e4re (Fabian Wurbs, FH Magdeburg)<\/p>\n<p>Die Bedeutung der Off-Air-Promotion als Element von Programmmarketing und Instrument zur Rezipientenbindung eines privaten Fernsehsenders, dargestellt am Beispiel von TV M\u00fcnchen (Frances Rehn, FH Magdeburg)<\/p>\n<p>Das Berufsbild<a href=\"http:\/\/www.amazon.de\/Das-Berufsbild-Online-Journalist-tagesaktuellen-Nachrichtenberichterstattung\/dp\/3639239598\/ref=sr_1_1?ie=UTF8&amp;qid=1299852753&amp;sr=1-1\" target=\"_blank\"> Journalist<\/a> im Zuge technischer Ver\u00e4nderungen, dargestellt am Beispiel von Nachrichtenredaktionen ausgew\u00e4hlter Fernsehanstalten und Qualit\u00e4tszeitungen (Nicole Schaar, FH Magdeburg)<\/p>\n<p>Die Format- und Programmplanung des Privatfernsehens im Lichte der demographischen Ver\u00e4nderungen in der BRD (Nicole K\u00fchn, FH Magdeburg)<\/p>\n<p>Konzeptionierung eines gestalterisch-technischen Kriterienkatalogs f\u00fcr Imagefilmproduktionen (Alexander Andre\u00df, BA Dresden)<\/p>\n<p>Entwicklung eines News-Konzepts im Internet zur Gewinnung der Zielgruppe 14-17j\u00e4hriger (Jacqueline Drewler, BA Dresden)<\/p>\n<p>Crossmedia-Strategien \u2013 Typisierung und Optimierung f\u00fcr j\u00fcngere Zielgruppen (Tanja R\u00f6del, BA Dresden)<\/p>\n<p><strong>2008<\/strong><\/p>\n<p>Die Koexistenz von Print- und Onlinemedien am Beispiel der Monatszeitschrift Elbhang-Kurier (Nadja Benndorf, BA Dresden)<\/p>\n<p>Konzept f\u00fcr die Gestaltung virtueller Marktpl\u00e4tze und deren Einflussgr\u00f6\u00dfen auf das Erleben von Webangeboten (Michaela Hering, BA Dresden)<\/p>\n<p>Untersuchung der Werbewirksamkeit von Kindern in TV-Spots unter Akteurs- und Zielgruppenaspekten (Sandra Panhans, BA Dresden)<\/p>\n<p>Radio im Wandel \u2013 eine vergleichende Analyse von klassischem und Internetradio mit dem Fokus auf Interaktion (Anette Schubert, BA Dresden)<\/p>\n<p>Untersuchungen zu Einsatzm\u00f6glichkeiten von E-Paper im Zentralgasthof Weinb\u00f6hla unter Beachtung von marketingrelevanten und finanziellen Aspekten (Silvio Trentzsch, BA Dresden)<\/p>\n<p>Social Webs und ihre Kommunikationsformen \u2013 eine <a href=\"http:\/\/www.amazon.de\/Netzkommunikation-Pers%C3%B6nlichkeit-Analyse-Kommunikation-Social\/dp\/3639086872\/ref=sr_1_1?ie=UTF8&amp;qid=1299852554&amp;sr=8-1\" target=\"_blank\">Strukturanalyse<\/a> anhand einer Onlinebefragung (Rica Stach, BA Dresden)<\/p>\n<p>Konzeption und Realisierung eines Leitfadens zur Nutzung des WEB 2.0 als kosteng\u00fcnstiges Promotionelement f\u00fcr die Musikindustrie (Sven Weise, BA Dresden)<\/p>\n<p>Konzeption eines seniorenspezifischen Email-Services (Katerina Krieg, BA Dresden)<\/p>\n<p>Formal\u00e4sthetische Kriterien f\u00fcr ein Automagazin im Internet-TV (Antje Zuther, BA Dresden)<\/p>\n<p><strong>2007<\/strong><\/p>\n<p>Rolle und Funktion von Sympathiefiguren in didaktischen Multimedia-Anwendungen (Mandy Enderlein, BA Dresden)<\/p>\n<p>Die Nachrichtenberichterstattung von \u00d6R und Privat-TV \u2013 ein Vergleich am Beispiel der Formate \u201eaktuell\u201c (RTL) und \u201eheute\u201c (ZDF) (Felix Richter, BA Dresden)<\/p>\n<p>Planung und Konzeption einer multimedialen Lernanwendung f\u00fcr den Informatik-Unterricht (Uta Elbertzhagen, BA Dresden)<\/p>\n<p>Zur Ver\u00e4nderung von Farbwirkungen in der Anzeigenwerbung durch  unter-schiedliche Kontrastierung der Farbe Rot (Anja Zschieschang, BA  Dresden)<\/p>\n<p>Einsatz- und Wirkm\u00f6glichkeiten von Bildkommunikation in der Printwerbung \u2013 eine qualitative Studie (Susanna Schweiczer, BA Dresden)<\/p>\n<p>Der Spielplatz im Wohnzimmer &#8211; Auswirkungen der modernen elektronischen Medienwelt auf die ergotherapeutische Arbeit mit Kindern im Vor- und Grundschulalter (Susanne M\u00fcller, FH Leipzig)<\/p>\n<p>Idole als Hilfen zur Identit\u00e4tsfindung traumatisierter Kinder und Jugendlicher am Beispiel des Musikers Peter Maffay und seiner \u201eTabaluga\u201c-Figur (Brit Fischer, FH Leipzig)<\/p>\n<p><strong>2006<\/strong><\/p>\n<p>Konzeption und Entwicklung eines mobilen Informationsdienstes f\u00fcr die Tourismusregion Oberlausitz (Markus Engel, BA Dresden)<\/p>\n<p>Erarbeitung eines Konzepts zur Erstellung eines eLearning-Programmes f\u00fcr Grundsch\u00fcler unter wahrnehmungspsychologischen Aspekten (Janet Wulff; BA Dresden)<\/p>\n<p>Corporate Imagery. Empirische Untersuchung zur psychologischen Wirkung von Bilderwelten anhand ausgew\u00e4hlter s\u00e4chsischer Unternehmen (Nils Lindner, BA Dresden)<\/p>\n<p>Gemeinsamkeiten und Unterschiede im Programmverst\u00e4ndnis \u00d6R und privater Jugendradios am Beispiel mdr-Sputnik und Energy Sachsen (Susann M\u00fcller, BA Dresden)<\/p>\n<p>Zur Gestaltung des Corporate-Identity-Management-Prozesses am Beispiel  der Weiterbildungsakademie Dresden WAD (Grit Schreiber, BA Dresden)<\/p>\n<p>Untersuchungen zu psychologischen Farbwirkungen am Beispiel ausgew\u00e4hlter Wirtschaftswerbung (Romy Klimmer, BA Dresden)<\/p>\n<p>Untersuchungen zur <a href=\"http:\/\/www.amazon.de\/%C3%96ffentlich-rechtliche-versus-private-Radionachrichten-Nachrichtentexte\/dp\/3639312775\/ref=sr_1_1?ie=UTF8&amp;qid=1304940423&amp;sr=8-1\" target=\"_blank\">Verst\u00e4ndlichkeit von Radionachrichten <\/a>anhand ausgew\u00e4hlter Beispiele des \u00f6ffentlich-rechtlichen und privaten H\u00f6rfunks (Juliana Schulze, FH Magdeburg)<\/p>\n<p>Video on Demand als Distributionskanal in der Spielfilmauswertung (Anne Link, FH Magdeburg)<\/p>\n<p>Zur Rolle des ZDF-Studio Br\u00fcssel bei der Vermittlung von EU-Politik (Jeanette Laue, FH Magdeburg)<\/p>\n<p>Mit gesch\u00e4rftem Blick in die Zukunft. Eine prognostische Marktstudie zum Nachrichtenfernsehen in Deutschland, unter besonderer Ber\u00fccksichtigung des Nachrichtensenders n-tv (Moritz Wedel, FH Magdeburg)<\/p>\n<p>\u201eMein Leben geh\u00f6rt mir!\u201c Inszenierung und Dramaturgie sozialer Beziehungen in Daily Talks \u2013 Eine<a href=\"http:\/\/www.amazon.de\/Inszenierung-Dramaturgie-sozialer-Beziehungen-Daily\/dp\/3639136624\/ref=sr_1_1?ie=UTF8&amp;qid=1305237229&amp;sr=8-1\" target=\"_blank\"> qualitative Inhaltsanalyse<\/a> am Beispiel von \u201eVera am Mittag\u201c (Anja Kroll, FH Magdeburg)<\/p>\n<p><strong>2005<\/strong><\/p>\n<p>Untersuchungen zur Werbewirkung von Plakatanzeigen. Eine quantitative Studie nach dem Jost-von-Brandis-Modell (Martin Fobe, BA Dresden)<\/p>\n<p>Analyse und Neukonzeption des Corporate-Design-Konzepts f\u00fcr ein mittelst\u00e4ndisches Dresdner Unternehmen (Nadine Ulrich, BA Dresden)<\/p>\n<p>Entwurf eines digitalen CD-Handbuchs f\u00fcr den Bereich Printmedien eines Leipziger IT-Unternehmens (Martina Geithner, BA Dresden)<\/p>\n<p>Entwurf eines Corporate-Design-Handbuchs f\u00fcr eine s\u00e4chsische Mediaagentur (Jadwiga Weidlich, BA Dresden)<\/p>\n<p><a href=\"http:\/\/www.amazon.de\/Konzeption-Layouts-einVeranstaltungsmagazin-Ber%C3%BCcksichtigunghistorischer-Gestaltungsgrundlagen\/dp\/3639077555\/ref=sr_1_1?s=books&amp;ie=UTF8&amp;qid=1299852679&amp;sr=1-1\" target=\"_blank\">Konzeption<\/a> eines neuen Layouts f\u00fcr das Veranstaltungsmagazin \u201eFritz\u201c (Christian M\u00fcller, BA Dresden)<\/p>\n<p><strong>2004<\/strong><\/p>\n<p>Entwurf eines Corporate-Identity-Konzepts f\u00fcr die Berufsakademie Dresden (Antje Forndran, BA Dresden)<\/p>\n<p><strong>1999<\/strong><\/p>\n<p>Die Gruppe der 20. Eine halbst\u00fcndige TV-Dokumentation und ihr Entstehungsprozess (Rika Fleck, HTW Mittweida)<\/p>\n<p><strong>1989\/91<\/strong> <em>Begutachtung\/Mitbetreuung als Promotionsstudent:<\/em><\/p>\n<p>Zu Problemen der Humangenetik und ihrer Umsetzung in der neueren Science-Ficton-Literatur anhand der Romane &#8222;Homunkuli&#8220; von Peter Lorenz, &#8222;Genion&#8220; von Klaus Fr\u00fchauf und &#8222;Medusa&#8220; von Rainer Fuhrmann (Bernd F\u00fcrschke)<\/p>\n<p>Die Science-Fiction-Erz\u00e4hlung der DDR von den Anf\u00e4ngen bis 1967 (Ivo Gloss)<\/p>\n<p>Untersuchungen zum Roman \u201eMedusa\u201c von Rainer Fuhrmann und seiner Aufnahme durch die Literaturkritik (Anke Nikoleizig)<\/p>\n<p>Untersuchungen zum Roman \u201eAndymon \u2013 Eine Weltraumutopie\u201c von Angela und Karlheinz Steinm\u00fcller und seiner Aufnahme durch die Literaturkritik (Andrea Kluck)<\/p>\n<p>Untersuchungen zur Darstellung von Frauenbild und Partnerschaftsbeziehungen in den Erz\u00e4hlungen Bernd Ulbrichs (Claudia Seifert)<\/p>\n<p>Untersuchungen zum Roman \u201eEine andere Welt&#8220; von Herbert Ziergiebel und seiner Aufnahme durch die Literaturkritik (Manuela Manudsharow)<\/p>\n<h3>B) Themen rings um P\u00e4dagogik und Didaktik<\/h3>\n<p><em>Zwischen 2005 und 2007 schrieben an der FH diploma Leipzig angehende Ergo- und Physiotherapeuten im Wahlvertiefungsbereich &#8222;Lehre&#8220; bei mir Studien- und Diplomarbeiten unter p\u00e4dagogisch-psychologischen Aspekten.<\/em><\/p>\n<p><strong>Erstbetreuung:<\/strong><\/p>\n<p>Handlungsorientierter Unterricht im Fach ergotherapeutische Behandlungsverfahren \u2013 M\u00f6glichkeiten der praktischen Umsetzung anhand eines praktischen Beispiels (Holger Weiss)<\/p>\n<p>Ursachen, Verlauf und Therapie progredienter Verhaltensschwierigkeiten und schulischer Fertigkeitsst\u00f6rungen am Fallbeispiel (Ines Kocsis)<\/p>\n<p>Erarbeitung eines methodischen Konzepts zur beruflichen Fortbildung psychisch kranker Menschenin den \u201eInPuncto\u201c-Werkst\u00e4tten der Lebenshilfe OV Dresden e.V. (Lydia Schlenkrich)<\/p>\n<p>Die Bedeutung des Pferds f\u00fcr die Rehabilitation von Kindern im Alter von 7 \u2013 14 Jahren mit neurologischen Erkrankungen (Susanne Blume)<\/p>\n<p>Probleme und M\u00f6glichkeiten zur Erhaltung der Lebensqualit\u00e4t von Menschen mit einer Querschnittl\u00e4hmung unter dem Gesichtspunkt \u201eWohnen und Selbstbestimmung\u201c anhand zweier Fallbeispiele (Juliane Kirsch)<\/p>\n<p>Zum Einsatz der didaktischen Mittel und des zeitlichen Rahmens zur Vermittlung konzeptioneller Modelle im Fach \u201eGrundlagen der Ergotherapie\u201c \u2013 eine empirische Studie zur Umsetzung des Erprobungslehrplans f\u00fcr die Ergotherapieausbildung in Sachsen (Susan Sch\u00f6lzel)<\/p>\n<p>ADHS \u2013 Beschreibung der Ursachen, des Auftretens erschwerten Lernens und der Intervention anhand eines Fallbeispiels (Jana Beesemann)<\/p>\n<p>Potenzen und Grenzen der Integration geistig behinderter Kinder in die Primarstufe in Th\u00fcringen \u2013 Eine empirische Studie anhand des ergotherapeutischen Modells CMOP (Ulrike Enderl)<\/p>\n<p>Das Zusammenwirken von Interventionsgerontologie und Ergotherapie bei der Behandlung Alzheimer-Demenzerkrankter (Katharina Krone)<\/p>\n<p>Der handlungsorientierte Unterricht an einer Berufsfachschule f\u00fcr Ergotherapie am Beispiel des therapeutischen Puppenbaus und \u2013spiels (Ines Oehler)<\/p>\n<p>Die Unterst\u00fctzung der emotionalen und sozialen Entwicklung von Kindern und Jugendlichen mit Adipositas &#8211; Eine Studie zu psychomotorischen F\u00f6rderm\u00f6glichkeiten (Catrin Thiede)<\/p>\n<p>Adipositas als k\u00fcnftiges Behandlungsfeld der Ergotherapie unter Ber\u00fccksichtigung des aktuellen Heilmittelkatalogs der gesetzlichen Krankenkassen (Katja W\u00fcnsch)<\/p>\n<p>Betreutes Wohnen \u2013 Wohnen mit Perspektive? Eine qualitative p\u00e4dagogische Bestandsaufnahme, speziell des Einzelfallwohnens (Nicole Schirmer)<\/p>\n<p><strong>Zweitbetreuung:<\/strong><\/p>\n<p>Die Rehabilitation Querschnittsgel\u00e4hmter im deutschen gegliederten System an Fallbeispielen (Kirstin Glatz)<\/p>\n<p>Geriatrische Rehabilitation am Bsp. der station\u00e4ren geriatrische Rehabilitation (Ulrike H\u00e4decke)<\/p>\n<p>Schizophrenie \u2013 aktueller Stand der evidenzbasierten Forschung (Silke Strohbach)<\/p>\n<p>Die Rolle der Ergotherapeutin \/ des Ergotherapeuten bei der Realisierung humaner Sterbebegleitung (Uta Kirchner)<\/p>\n<p>Therapeutisches Arbeiten mit Krebspatienten des Erwachsenenalters (Tamsin Busch)<\/p>\n","protected":false},"excerpt":{"rendered":"<p>A) Themen rings um Medienkommunikation und -produktion Unaufgef\u00fchrt bleiben die ca. 100 Haus- und Studienarbeiten, die ich seit 2003 an der FH Magdeburg und der BA Dresden (Medienproduktion und Handel) betreute. Daneben war ich von 2003 bis 2011 an der BA Dresden als Pr\u00fcfer im Vordiplom t\u00e4tig. 2014 (Bachelor) Zur Rolle interaktiver Panoramen beim Webdesign [&hellip;]<\/p>\n","protected":false},"author":1,"featured_media":0,"parent":10,"menu_order":20,"comment_status":"closed","ping_status":"closed","template":"","meta":[],"_links":{"self":[{"href":"https:\/\/www.dr-thomas-hartung.de\/index.php?rest_route=\/wp\/v2\/pages\/71"}],"collection":[{"href":"https:\/\/www.dr-thomas-hartung.de\/index.php?rest_route=\/wp\/v2\/pages"}],"about":[{"href":"https:\/\/www.dr-thomas-hartung.de\/index.php?rest_route=\/wp\/v2\/types\/page"}],"author":[{"embeddable":true,"href":"https:\/\/www.dr-thomas-hartung.de\/index.php?rest_route=\/wp\/v2\/users\/1"}],"replies":[{"embeddable":true,"href":"https:\/\/www.dr-thomas-hartung.de\/index.php?rest_route=%2Fwp%2Fv2%2Fcomments&post=71"}],"version-history":[{"count":20,"href":"https:\/\/www.dr-thomas-hartung.de\/index.php?rest_route=\/wp\/v2\/pages\/71\/revisions"}],"predecessor-version":[{"id":109,"href":"https:\/\/www.dr-thomas-hartung.de\/index.php?rest_route=\/wp\/v2\/pages\/71\/revisions\/109"}],"up":[{"embeddable":true,"href":"https:\/\/www.dr-thomas-hartung.de\/index.php?rest_route=\/wp\/v2\/pages\/10"}],"wp:attachment":[{"href":"https:\/\/www.dr-thomas-hartung.de\/index.php?rest_route=%2Fwp%2Fv2%2Fmedia&parent=71"}],"curies":[{"name":"wp","href":"https:\/\/api.w.org\/{rel}","templated":true}]}}