{"id":79,"date":"2011-03-11T11:48:44","date_gmt":"2011-03-11T10:48:44","guid":{"rendered":"http:\/\/www.dr-thomas-hartung.de\/?page_id=79"},"modified":"2026-01-06T10:58:41","modified_gmt":"2026-01-06T09:58:41","slug":"1-journalistische-publikationen","status":"publish","type":"page","link":"https:\/\/www.dr-thomas-hartung.de\/?page_id=79","title":{"rendered":"1. Journalistische Publikationen"},"content":{"rendered":"<h2>Allgemein (seit 1990)<\/h2>\n<p><strong>Eigene B\u00fccher: <\/strong><\/p>\n<ul>\n<li>&#8222;Wie steht&#8217;s um Deutschland \u2013 Beobachtungen eines Konservativen&#8220;. Mit einem Vorwort von Erika Steinbach. <a href=\"https:\/\/www.weltbuch.com\/deutschland\/#cc-m-product-7686968564\">Sargans\/Dresden<\/a> 2019.<\/li>\n<li>&#8222;Z\u00f6pfe, Blutwurst &amp; Kartoffeln. Neue Beobachtungen eines Konservativen&#8220;. <a href=\"https:\/\/www.weltbuch.com\/politik\/z%C3%B6pfe-blutwurst-kartoffeln\/#cc-m-product-7782721964\">Sargans\/Dresden<\/a> 2019<\/li>\n<li>&#8222;Ein Land dreht Rot. Neueste Beobachtungen eine Konservativen.&#8220; <a href=\"https:\/\/www.weltbuch.com\/ein-land-dreht-rot\/\">Dresden\/Sargans<\/a> 2021<\/li>\n<li>&#8222;Umerziehungsrepublik Buntland. Wider die Demontage des Eigenen.&#8220; <a href=\"_wp_link_placeholder\" data-wplink-edit=\"true\">Uhingen<\/a> 2025<\/li>\n<\/ul>\n<p><strong>Print:<\/strong><\/p>\n<ul>\n<li>rund 150 Zeitschriftenbeitr\u00e4ge (&#8222;zuerst!&#8220;)<\/li>\n<li>rund 20 Zeitungsbeitr\u00e4ge (<a href=\"https:\/\/www.dr-thomas-hartung.de\/wp-content\/uploads\/2011\/03\/MVS.jpg\">Berichte<\/a> und <a href=\"https:\/\/www.dr-thomas-hartung.de\/wp-content\/uploads\/2011\/03\/Singkreis3.jpg\">Rezensionen<\/a>)<\/li>\n<li>rund 30 &#8222;Tumult&#8220;-Kolumnen &#8222;Negerkuss und Nazistuss&#8220;<\/li>\n<li>Redaktion der Einzeltestberichte zum &#8222;ADAC-Rastst\u00e4ttentest 2004&#8220;<\/li>\n<\/ul>\n<p><strong>Film \/ DVD<br \/>\n<\/strong><\/p>\n<ul>\n<li>Imagefilm &#8222;BA Dresden&#8220; (Produzent)<\/li>\n<li>Lehrfilm &#8222;Haust\u00fcrgesch\u00e4fte&#8220; (Produzent)<\/li>\n<li><a href=\"http:\/\/www.youtube.com\/watch?v=gJhIb60MrwM\" target=\"_blank\" rel=\"noopener noreferrer\">Iron Butterfly<\/a>: Concert &amp; Documentary &#8211; Europe 1997 (Sprecher)<\/li>\n<li>Imagefilm &#8222;<a href=\"http:\/\/www.youtube.com\/watch?v=w5wHTtlqFrc\" target=\"_blank\" rel=\"noopener noreferrer\">Wo bleibst du<\/a>?&#8220; (Produzent)<\/li>\n<\/ul>\n<p><strong>AV \/ Web<br \/>\n<\/strong><\/p>\n<ul>\n<li>Redakteur\/Sprecher von rund 2500 H\u00f6rfunk- und Fernseh-Nachrichtensendungen mit durchschnittlich 6 Meldungen (deutsch)<\/li>\n<li>Produzent von rund 250 studentischen AV-Beitr\u00e4gen verschiedener Genres mit durchschnittlich 3 Minuten L\u00e4nge (deutsch)<\/li>\n<li>Redakteur, Produzent und\/oder Aufnahmeleiter von rund 1500 H\u00f6rfunk- und Fernseh-Magazinen verschiedener Genres mit durchschnittlich 30 Minuten L\u00e4nge (deutsch und obersorbisch); darunter\n<ul>\n<li><strong>Unimagazine:<\/strong> &#8222;035eins&#8220; \/ &#8222;Kopflicht TV&#8220; &#8230;<\/li>\n<li><strong>Spezialmagazine:<\/strong> &#8222;Literarischer Express&#8220;, &#8222;Hartungs Weihnachtsbraten&#8220;&#8230;<\/li>\n<li><strong>Ausbildungsmagazine: <\/strong>&#8222;ProFeel&#8220;, &#8222;BeZett&#8220;&#8230;<\/li>\n<li><strong>aktuelle Magazine:<\/strong> &#8222;Drehscheibe Dresden&#8220; \/ &#8222;Antenne Sachsen &#8211; Mittagsreport&#8220;&#8230;<\/li>\n<li><strong>Sondersendungen: <\/strong>&#8222;S\u00e4chsischer Familientag&#8220;, &#8222;Dresden w\u00e4hlt&#8220;&#8230;<\/li>\n<\/ul>\n<\/li>\n<\/ul>\n<h2><strong>Kontrafunk ab 2025<\/strong><\/h2>\n<p><strong>Kommentare<\/strong><\/p>\n<ul>\n<li>&#8222;Pr\u00e4ventivschlag als Verteidigung&#8220; 12\/25<\/li>\n<li>&#8222;Zuckersteuer&#8220; 01\/26<\/li>\n<\/ul>\n<p><strong>Sonstiges<\/strong><\/p>\n<ul>\n<li>&#8222;Sonntagsrunde&#8220;<\/li>\n<li>\u201eUnter Freunden&#8220;<\/li>\n<\/ul>\n<h2><strong>Sachsen Fernsehen 1995 \u2013 2000<\/strong><\/h2>\n<p><strong>NiFs, A-MaZen, Beitr\u00e4ge <\/strong><\/p>\n<ul>\n<li>Sybille Berg \u201eSex II\u201c. Portr\u00e4tfeature<\/li>\n<li>\u201eTU-Immatrikulation\u201c. A-MaZ<\/li>\n<li>\u201eAusstellung Wei\u00dfe Rose\u201c. A-MaZ<\/li>\n<li>\u201eJan Hempel\u201c. A-MaZ<\/li>\n<li>\u201eTU-Ehrendoktor-W\u00fcrde f\u00fcr Vaclav Havel\u201c. Nachbericht mit O-Ton<\/li>\n<li>\u201eA 17-Entscheid\u201c. Nachbericht mit O-Ton<\/li>\n<li>\u201eAugustusbad\u201c. A-MaZ<\/li>\n<li>\u201eSLM-Fernsehpreis 95\u201c. A-MaZ<\/li>\n<li>\u201eFerien in Ober\u00f6sterreich\u201c. Werbespot<\/li>\n<li>\u201eSIMEC-Einweihung\u201c. Nachbericht mit O-Ton<\/li>\n<li>\u201eEinf\u00fchrung Medienreferent Dresden\u201c. Portr\u00e4tfeature<\/li>\n<li>\u201eBehindertenausstellung WTC\u201c. A-MaZ<\/li>\n<li>\u201eDrehscheibe pflanzt ihren eigenen Baum\u201c. Glosse<\/li>\n<li>\u201eVorstellung der Pl\u00e4ne f\u00fcr Dresdner Kom\u00f6die\u201c. Bericht mit O-Ton<\/li>\n<li>\u201eT\u00e4tigkeitsbericht Landeskirchenamt\u201c. Bericht mit O-Ton<\/li>\n<li>\u201eSchwarzbuch s\u00e4chs. Gastst\u00e4ttengewerbe\u201c. A-MaZ<\/li>\n<li>\u201eNeues KiTa-Amt\u201c. Bericht mit O-Ton<\/li>\n<li>\u201eSch\u00fcler adoptieren Denkmale\u201c. Bericht mit O-Ton<\/li>\n<li>\u201eRathener Br\u00fcckenstreit\u201c. Themenfeature<\/li>\n<li>\u201eGemeindegebietsreform\u201c. Bericht mit O-Ton<\/li>\n<li>\u201eAusl\u00e4nderbeirat + Ausl\u00e4nderheim\u201c. Themenfeature<\/li>\n<li>\u201eRathener Br\u00fcckenstreit II\u201c. A-MaZ<\/li>\n<li>\u201eArbeitslosenrekord\u201c. A-MaZ<\/li>\n<li>\u201ePreisagentur Fliegen und Sparen\u201c. PR-Beitrag<\/li>\n<li>\u201eFriedrich Schorlemmer\u201c. Portr\u00e4tfeature<\/li>\n<li>\u201eDesignpreis f\u00fcr Foron\u201c. Nachbericht mit O-Ton<\/li>\n<li>\u201ePreisverleihung Jugend forscht\u201c. Nachbericht mit O-Ton<\/li>\n<li>\u201eJ\u00e4ger des verlorenen Bieres\u201c. Glosse<\/li>\n<li>\u201eEr\u00f6ffnung Goethe-Institut\u201c. Themenfeature<\/li>\n<li>\u201eTag der Einheit\u201c. Bericht mit O-Ton<\/li>\n<li>\u201eC\u00e4sar in Tharandt\u201c. Rezension<\/li>\n<li>\u201eGrundsteinlegung KiTa Bannewitz\u201c. NiF<\/li>\n<li>\u201eJoachim Walthers Stasi-Buch\u201c. Rezension<\/li>\n<li>\u201eEsoterikmesse\u201c 1997. Themenfeature<\/li>\n<li>\u201eTechnologieforum\u201c. Nachbericht mit O-Ton<\/li>\n<li>\u201e100 Jahre Strom in Dresden\u201c. Themenfeature<\/li>\n<li>\u201eR\u00f6\u00dfler gegen St\u00fcdemann\u201c. Nachbericht mit O-Ton<\/li>\n<li>\u201cStatistisches Jahrbuch\u201c. Beschreibung<\/li>\n<li>\u201eWeihnachtskalender\u201c. Beschreibung<\/li>\n<li>\u201eS\u00e4chsischer Drogenbericht\u201c. Bericht mit O-Ton<\/li>\n<li>\u201eEinweihung Kinderheim\u201c. Bericht mit O-Ton<\/li>\n<li>\u201eSLM-Bilanz\u201c. A-MaZ<\/li>\n<li>\u201e3 Jahre l\u2019tur in Dresden\u201c. Bericht mit O-Ton<\/li>\n<li>\u201eEntschuldung Pirnaer Wohnungen\u201c. Bericht mit O-Ton<\/li>\n<li>\u201eAusstellung DDR-Justizgeschichte\u201c. A-MaZ<\/li>\n<li>\u201eDresden auf CD-Rom\u201c. A-MaZ<\/li>\n<li>\u201eStefan-Zweig-Ausstellung im Rathaus\u201c. Rezension<\/li>\n<li>\u201eNeue Dachmarke f\u00fcr Sachsens Stuhlbauer\u201c. Bericht mit O-Ton<\/li>\n<li>\u201eUwe Kolbe\u201c. Portr\u00e4tfeature<\/li>\n<li>\u201eMichael J\u00fcrgs \u2013 Die Treuh\u00e4ndler\u201c. Rezension<\/li>\n<li>\u201eBeatles-Museum\u201c. Bericht mit O-Ton<\/li>\n<li>\u201eLacrimosa in Dresden\u201c. Portr\u00e4tfeature<\/li>\n<li>\u201ePark der Sinne\u201c. Betrachtung<\/li>\n<li>\u201eJan Gabarek \u2013 Officium\u201c. Rezension<\/li>\n<li>\u201eBilanz von Sachsens Wohnungsverb\u00e4nden\u201c. Bericht mit O-Ton<\/li>\n<li>\u201eELP in Dresden\u201c. Portr\u00e4tfeature<\/li>\n<li>\u201eJoe Cocker in Dresden\u201c. Bericht mit O-Ton<\/li>\n<li>\u201eBJH in Dresden\u201c. Portr\u00e4tfeature<\/li>\n<li>\u201eChristoph Hein\u201c. Portr\u00e4tfeature<\/li>\n<li>\u201eKlaus Renfts Autobiographie\u201c. Portr\u00e4tfeature<\/li>\n<li>\u201eUriah Heep in Dresden\u201c. Bericht mit O-Ton<\/li>\n<li>\u201eLandolf Scherzer \u2013 Der Zweite\u201c. Portr\u00e4tfeature<\/li>\n<li>\u201eMario Vargas Llosa \u2013 Don Rigoberto\u201c. Portr\u00e4tfeature<\/li>\n<li>\u201eDF-Vorstellung zum Tag der Offenen T\u00fcr\u201c. Beschreibung<\/li>\n<\/ul>\n<p><strong>Trailer und Spots<br \/>\n<\/strong><\/p>\n<ul>\n<li>\u201eNickerner Schlo\u00dffest\u201c<\/li>\n<li>\u201eLoreena McKennitt\u201c<\/li>\n<li>\u201eEric Burdon\u201c<\/li>\n<li>\u201e035eins\u201c<\/li>\n<li>\u201eHertie\u201c<\/li>\n<li>&#8222;l&#8217;tur&#8220;<\/li>\n<li>\u201eRosenstolz\u201c<\/li>\n<li>\u201eSantana\u201c<\/li>\n<\/ul>\n<h2>Antenne Sachsen 1993 &#8211; 1995<\/h2>\n<p><strong>Serien <\/strong><\/p>\n<ul>\n<li>Hartungs Haushaltshilfe 1993. 30 Folgen, Themenfeatures<\/li>\n<li>Leipziger Buchmesse 1993. Reporter, 5 Folgen, Aufsager<\/li>\n<li>Hartungs Hei\u00dfer Herd 1994. 50 Folgen, Themenfeatures<\/li>\n<li>Frauentag 1994, Reporter Ostsachsen. 7 Folgen, Aufsager \/Interviews<\/li>\n<li>Landtagswahl 1994 \u201eMontagsreportage\u201c. 4 Folgen, Aufsager\/Interviews<\/li>\n<\/ul>\n<p><strong>Einzelbeitr\u00e4ge <\/strong><\/p>\n<ul>\n<li>Alice Schwarzer, Eine t\u00f6dliche Liebe. Themenfeature<\/li>\n<li>Schlie\u00dfungspl\u00e4ne Literaturinstitut Leipzig. Bericht mit O-Ton<\/li>\n<li>Forschung unter Verschluss. Bericht mit O-Ton<\/li>\n<li>Exil in den Niederlanden. Vorbericht mit O-Ton<\/li>\n<li>Pl\u00e4ne f\u00fcr Dresdner Bordell. Bericht mit O-Ton<\/li>\n<li>Insolvenz Zwickauer Edelstahl. Interview<\/li>\n<li>Verbotene Leipziger Hochschulschriften. Bericht mit O-Ton<\/li>\n<li>Verkaufspl\u00e4ne Elbbr\u00fccke Torgau. Glosse<\/li>\n<li>Hans Falladas Geburtstag. Portr\u00e4t<\/li>\n<li>S\u00e4urefra\u00df DB Leipzig. Bericht mit O-Ton<\/li>\n<li>Spotless-Verlag.\u00a0\u00a0 Bericht mit O-Ton<\/li>\n<li>Karl May Verlag.\u00a0 Bericht mit O-Ton<\/li>\n<li>Wetzlarer Phantastik Tage.\u00a0 Vorbericht mit O-Ton<\/li>\n<li>Leif-Verlag. Bericht mit O-Ton<\/li>\n<li>Pechstein-Preis. Vorbericht mit O-Ton<\/li>\n<li>Wurzener Keksinnovationen. Bericht mit O-Ton<\/li>\n<li>Roter Punkt. Bericht mit O-Ton<\/li>\n<li>\u00d6sterreichische Buchwoche in Dresden. Vorbericht mit O-Ton<\/li>\n<li>Geboren in Sachsen. Vorbericht mit O-Ton<\/li>\n<li>Gault Millau Sachsen. Themenfeature<\/li>\n<li>Holl\u00e4ndische Exilanten in der DB. Vorbericht mit O-Ton<\/li>\n<\/ul>\n<h2>Radio SAW 1992 &#8211; 1993<\/h2>\n<p><strong>Serien <\/strong><\/p>\n<ul>\n<li>Katertipps am Neujahrsmorgen 1993. 4 Folgen, Themenfeatures<\/li>\n<li>Hartungs Steuertipps 1993. 18 Folgen, Aufsager<\/li>\n<\/ul>\n<p><strong>Einzelbeitr\u00e4ge <\/strong><\/p>\n<ul>\n<li>Ephraim Kishon liest in Magdeburg. Portr\u00e4tfeature<\/li>\n<li>Jahresbilanz Innenministerium. Nachbericht mit O-Ton<\/li>\n<li>Schlichtungsrunde IG Metall. Verlaufsbericht mit O-Ton<\/li>\n<li>Umweltskandal Haldensleben. Verlaufsbericht mit O-Ton<\/li>\n<li>HEYNE\u2019s Arbeitslosenratgeber. Rezension<\/li>\n<li>Weihnachtsgeschenke aus dem Erotikshop. Themenfeature<\/li>\n<li>Er\u00f6ffnung Schullandheim Jericho. Nachbericht mit O-Ton<\/li>\n<\/ul>\n<h2>MDR 1990 &#8211; 1992 (nur Rezensionen)<\/h2>\n<p><strong>MDR Kultur<\/strong><\/p>\n<ul>\n<li>Stanislaw Lem, Irrl\u00e4ufer.<\/li>\n<li>Wilhelm Solms (Hrsg.), Begrenzt gl\u00fccklich. Kindheit in der DDR.<\/li>\n<\/ul>\n<p><strong>MDR 1 Radio Sachsen-Anhalt<br \/>\n<\/strong><\/p>\n<ul>\n<li>Maurice Renard, Schmetterling des Todes.<\/li>\n<li>Gert Prokop, Null minus unendlich.<\/li>\n<li>Alfred Bester, Demolition.<\/li>\n<li>Alfred E. VanVogt, Meister der Zukunft.<\/li>\n<li>Philipp Jose Farmer, 3 Romane.<\/li>\n<li>Konrad Lorenz, Das Nachtschattenspiel.<\/li>\n<li>Johanna &amp; G\u00fcnter Braun, Der Pantamann.<\/li>\n<li>Olaf R. Spittel (Hrsg.), Geschichten vom Tr\u00f6delmond.<\/li>\n<li>Norman Spinrad, Eine Welt dazwischen.<\/li>\n<li>John Shirley, Eclipse-Trilogie.<\/li>\n<li>Olaf R. Spittel (Hrsg.), Die Zeitinsel.<\/li>\n<li>Josef Nesvadba, Z\u00e4rtliche Apokalypse.<\/li>\n<li>H.P. Lovecraft, Die Traumsuche nach dem unbekannten Kadath.<\/li>\n<\/ul>\n","protected":false},"excerpt":{"rendered":"<p>Allgemein (seit 1990) Eigene B\u00fccher: &#8222;Wie steht&#8217;s um Deutschland \u2013 Beobachtungen eines Konservativen&#8220;. Mit einem Vorwort von Erika Steinbach. Sargans\/Dresden 2019. &#8222;Z\u00f6pfe, Blutwurst &amp; Kartoffeln. Neue Beobachtungen eines Konservativen&#8220;. Sargans\/Dresden 2019 &#8222;Ein Land dreht Rot. Neueste Beobachtungen eine Konservativen.&#8220; Dresden\/Sargans 2021 &#8222;Umerziehungsrepublik Buntland. Wider die Demontage des Eigenen.&#8220; Uhingen 2025 Print: rund 150 Zeitschriftenbeitr\u00e4ge (&#8222;zuerst!&#8220;) [&hellip;]<\/p>\n","protected":false},"author":1,"featured_media":0,"parent":16,"menu_order":0,"comment_status":"closed","ping_status":"closed","template":"","meta":[],"_links":{"self":[{"href":"https:\/\/www.dr-thomas-hartung.de\/index.php?rest_route=\/wp\/v2\/pages\/79"}],"collection":[{"href":"https:\/\/www.dr-thomas-hartung.de\/index.php?rest_route=\/wp\/v2\/pages"}],"about":[{"href":"https:\/\/www.dr-thomas-hartung.de\/index.php?rest_route=\/wp\/v2\/types\/page"}],"author":[{"embeddable":true,"href":"https:\/\/www.dr-thomas-hartung.de\/index.php?rest_route=\/wp\/v2\/users\/1"}],"replies":[{"embeddable":true,"href":"https:\/\/www.dr-thomas-hartung.de\/index.php?rest_route=%2Fwp%2Fv2%2Fcomments&post=79"}],"version-history":[{"count":28,"href":"https:\/\/www.dr-thomas-hartung.de\/index.php?rest_route=\/wp\/v2\/pages\/79\/revisions"}],"predecessor-version":[{"id":7103,"href":"https:\/\/www.dr-thomas-hartung.de\/index.php?rest_route=\/wp\/v2\/pages\/79\/revisions\/7103"}],"up":[{"embeddable":true,"href":"https:\/\/www.dr-thomas-hartung.de\/index.php?rest_route=\/wp\/v2\/pages\/16"}],"wp:attachment":[{"href":"https:\/\/www.dr-thomas-hartung.de\/index.php?rest_route=%2Fwp%2Fv2%2Fmedia&parent=79"}],"curies":[{"name":"wp","href":"https:\/\/api.w.org\/{rel}","templated":true}]}}