{"id":92,"date":"2011-03-11T12:39:38","date_gmt":"2011-03-11T11:39:38","guid":{"rendered":"http:\/\/www.dr-thomas-hartung.de\/?page_id=92"},"modified":"2026-01-06T10:25:10","modified_gmt":"2026-01-06T09:25:10","slug":"1-karriere","status":"publish","type":"page","link":"https:\/\/www.dr-thomas-hartung.de\/?page_id=92","title":{"rendered":"2. Karriere"},"content":{"rendered":"<p><strong>01. M\u00e4rz 2020 <\/strong><strong>\u2192<\/strong><strong><br \/>\n<\/strong><\/p>\n<h3>Pressesprecher der AfD-Fraktion im Landtag von Baden-W\u00fcrttemberg<\/h3>\n<ul>\n<li>Publizist (&#8222;zuerst!&#8220;, &#8222;Ansage&#8220;) und Kolumnist (&#8222;Tumult-Blog&#8220;)<\/li>\n<li>Buchautor und Referent<\/li>\n<\/ul>\n<p><strong>01. Oktober 2015 <\/strong><strong>\u2192 31. Dezember 2019<\/strong><strong><br \/>\n<\/strong><\/p>\n<h3>Wissenschaftlicher Mitarbeiter der AfD-Landtagsfraktion Sachsen<\/h3>\n<ul>\n<li>Parlamentarischer Berater f\u00fcr Bildung, Wissenschaft, Medien und Kultur; zuletzt bei Rolf Weigand MdL<\/li>\n<li>freier Publizist (&#8222;zuerst!&#8220;, &#8222;tumult&#8220;)<\/li>\n<\/ul>\n<p><strong>01. Juli 2008 <\/strong><strong>\u2192<\/strong><strong> 30. September 2015<br \/>\n<\/strong><\/p>\n<h3>freiberuflicher Publizist<\/h3>\n<ul>\n<li>seit 10\/14 Autor, Gutachter f\u00fcr die AfD-Landtagsfraktion Sachsen<\/li>\n<li>bis 07\/14 Dozent, Autor und Lehrbeauftragter an Hoch- und Fachschulen, Produzent \u201e<a href=\"http:\/\/www.kopflicht.tv\/\" target=\"_blank\" rel=\"noopener noreferrer\">Kopflicht.tv<\/a>\u201c, Modulverantwortlicher in mehreren Bachelor-Studieng\u00e4ngen<\/li>\n<li>Referent und Medientrainer<\/li>\n<\/ul>\n<p><strong>01. Januar 2008 &#8211; 30. Juni 2008<\/strong><\/p>\n<h3>Leiter Presse\/PR <a href=\"http:\/\/www.tmsmessen.de\/de\/startseite.html\" target=\"_blank\" rel=\"noopener noreferrer\">TMS GmbH<\/a> Dresden<\/h3>\n<ul>\n<li>Unternehmenssprecher mit Personal- und Etat-Verantwortung<\/li>\n<li>Konzeption der Integrierten Kommunikation f\u00fcr sechs Publikumsmessen im Verbrauchersegment von der Event- bis zur Mediaplanung<\/li>\n<li>Konzeption der Unternehmens- und Personality-PR incl. Social Sponsoring<\/li>\n<\/ul>\n<p><strong>01. Januar 2002\u00a0&#8211; 31. Dezember 2007<br \/>\n<\/strong><\/p>\n<h3>freiberuflicher Dozent an Hoch- und Fachschulen<\/h3>\n<ul>\n<li>Produzent \u201e035eins\u201c \/ \u201eMIXEDD\u201c<\/li>\n<li>Autor, Referent und Medientrainer<\/li>\n<li>PR-Arbeit f\u00fcr TMS GmbH Dresden<\/li>\n<\/ul>\n<p><strong>01. Januar 2001 &#8211; 31. Dezember 2001<\/strong><\/p>\n<h3>Studioleiter \u201e<a href=\"http:\/\/www.saek.de\/psk\/saek\/powerslave,nodeid,143,id,143.html\" target=\"_blank\" rel=\"noopener noreferrer\">saek<\/a> Fernsehen\u201c Bautzen<\/h3>\n<ul>\n<li>Ausbildungs- und Kursleiter<\/li>\n<li>Chefredakteur und Produzent des ersten deutschen TV-Magazins in obersorbischer Sprache \u201eSerbske wokno\u201c und des ersten Bautzner Info-Magazins \u201eBeZett\u201c<\/li>\n<\/ul>\n<p><strong>01. August 1999 &#8211; 31. Dezember 2000<\/strong><\/p>\n<h3>Redakteur der Gesch\u00e4ftsf\u00fchrung \u201e<a href=\"http:\/\/www.sachsen-fernsehen.de\/\" target=\"_blank\" rel=\"noopener noreferrer\">Sachsen Fernsehen<\/a>\u201c Dresden<\/h3>\n<ul>\n<li>Studioleiter \u201esaek Fernsehen\u201c Bautzen der S\u00e4chsischen Landesmedienanstalt SLM<\/li>\n<li>Producer der Studenten-Magazine \u201e035eins\u201c und \u201e034eins\u201c sowie des Sendeplatzes \u201esaek-Fenster\u201c mit 9 verschiedenen Magazinformaten<\/li>\n<li>\u00dcbernahme besonderer Aufgaben f\u00fcr Programmforschung, -entwicklung \/ \u00d6ffentlichkeitsarbeit und Eventmarketing; Off-Sprecher<\/li>\n<\/ul>\n<p><strong>01. Mai 1996 &#8211; 31. Juli 1999<\/strong><\/p>\n<h3>stellvertretender Chefredakteur \u201eDresden Fernsehen\u201c Dresden<\/h3>\n<ul>\n<li>Chef vom Dienst CvD \/ Planungsredakteur \/ Nachrichtenchef des regionalen Info-Magazins \u201eDrehscheibe\u201c sowie Ausbildungsredakteur und Off-Sprecher<\/li>\n<li>Aufnahmeleiter\/ Ablaufredakteur Live- und Vorproduktionen<\/li>\n<li>Redakteur \/ Producer mehrerer Magazinformate in diversen Ressorts, darunter des ersten ostdeutschen Studentenmagazins \u201e035eins\u201c<\/li>\n<\/ul>\n<p><strong>01. Oktober 1995 &#8211; 30. April 1996<\/strong><\/p>\n<h3>stellvertretender Chefredakteur \u201eDrehscheibe Dresden\u201c Dresden<\/h3>\n<ul>\n<li>Planungs- und Nachrichtenredakteur \/ Live-Aufnahmeleiter des Fenstermagazins (bis Dezember 1995 \u201eRTL\u201c \/ ab Januar 1996 \u201eVOX\u201c)<\/li>\n<li>Magazinredakteur in diversen Ressorts sowie Off-Sprecher<\/li>\n<\/ul>\n<p><strong>01. April 1995 &#8211; 30. September 1995<\/strong><\/p>\n<h3>Gesch\u00e4ftsf\u00fchrer\/Bildungsreferent \u201e<a href=\"http:\/\/www.jungemedien.de\/\" target=\"_blank\" rel=\"noopener noreferrer\">Junge Medien<\/a> Sachsen\u201c e.V.<\/h3>\n<ul>\n<li>Organisation\/Leitung von Medienkursen und Medienbildungsreisen<\/li>\n<li>Produktion des Jugendmagazins \u201e\u00dcbersteuert\u201c bei &#8222;ProhlisTV&#8220;<\/li>\n<li>allgemeine Gesch\u00e4ftsbesorgung des Vereins<\/li>\n<\/ul>\n<p><strong>01. April 1993 &#8211; 31. M\u00e4rz 1995<\/strong><\/p>\n<h3>Redakteur Nachrichten\/Wort \u201e<a href=\"http:\/\/www.hitradio-rtl.de\/index.php?id=422\" target=\"_blank\" rel=\"noopener noreferrer\">Antenne Sachsen<\/a>\u201c Dresden<strong><br \/>\n<\/strong><\/h3>\n<ul>\n<li>Nachrichtenredakteur im Selbstfahrstudio \/ Sprecher im Schicht- und Wochenenddienst mit Assistenz; ab November 1994 CvD<\/li>\n<li>Magazinredakteur und Serienautor\/Sprecher<\/li>\n<li>Magazinmoderator \u201eMittagsreport\u201c \/ \u201eTagesreport\u201c<\/li>\n<\/ul>\n<p><strong>15. August 1992 &#8211; 31. M\u00e4rz 1993<\/strong><\/p>\n<h3>Redakteur Nachrichten\/Wort \u201e<a href=\"http:\/\/www.radiosaw.de\/start.php\" target=\"_blank\" rel=\"noopener noreferrer\">Radio SAW<\/a>\u201c Magdeburg<\/h3>\n<ul>\n<li>Nachrichtenredakteur im Selbstfahrstudio \/ Sprecher im Schicht- und Wochenenddienst mit Assistenz<\/li>\n<li>Magazinredakteur und Serienautor\/Sprecher<\/li>\n<li>Magazinmoderator \u201eRadio SAW \u2013 Aktuell\u201c<\/li>\n<\/ul>\n<p><strong>01. Januar 1992 \u2013 14. August 1992<\/strong><\/p>\n<h3>Wissenschaftlicher Mitarbeiter der <a href=\"http:\/\/www.iger.ovgu.de\/\" target=\"_blank\" rel=\"noopener noreferrer\">Otto-von-Guericke-Universit\u00e4t<\/a> Magdeburg<\/h3>\n<ul>\n<li><a href=\"http:\/\/www.germanistenverzeichnis.phil.uni-erlangen.de\/institutslisten\/files\/de\/08100_de\/8121_de.html\" target=\"_blank\" rel=\"noopener noreferrer\">Projektmitarbeiter<\/a> am Institut f\u00fcr Germanistik, FB Literaturwissenschaft, der Fakult\u00e4t f\u00fcr Geistes- Sozial- und Erziehungswissenschaften<\/li>\n<li>Planung und Recherche f\u00fcr die biographische Studie &#8222;Die Wende im Bewusstsein ostdeutscher Frauen&#8220;<\/li>\n<\/ul>\n","protected":false},"excerpt":{"rendered":"<p>01. M\u00e4rz 2020 \u2192 Pressesprecher der AfD-Fraktion im Landtag von Baden-W\u00fcrttemberg Publizist (&#8222;zuerst!&#8220;, &#8222;Ansage&#8220;) und Kolumnist (&#8222;Tumult-Blog&#8220;) Buchautor und Referent 01. Oktober 2015 \u2192 31. Dezember 2019 Wissenschaftlicher Mitarbeiter der AfD-Landtagsfraktion Sachsen Parlamentarischer Berater f\u00fcr Bildung, Wissenschaft, Medien und Kultur; zuletzt bei Rolf Weigand MdL freier Publizist (&#8222;zuerst!&#8220;, &#8222;tumult&#8220;) 01. Juli 2008 \u2192 30. September [&hellip;]<\/p>\n","protected":false},"author":1,"featured_media":0,"parent":14,"menu_order":10,"comment_status":"closed","ping_status":"closed","template":"","meta":[],"_links":{"self":[{"href":"https:\/\/www.dr-thomas-hartung.de\/index.php?rest_route=\/wp\/v2\/pages\/92"}],"collection":[{"href":"https:\/\/www.dr-thomas-hartung.de\/index.php?rest_route=\/wp\/v2\/pages"}],"about":[{"href":"https:\/\/www.dr-thomas-hartung.de\/index.php?rest_route=\/wp\/v2\/types\/page"}],"author":[{"embeddable":true,"href":"https:\/\/www.dr-thomas-hartung.de\/index.php?rest_route=\/wp\/v2\/users\/1"}],"replies":[{"embeddable":true,"href":"https:\/\/www.dr-thomas-hartung.de\/index.php?rest_route=%2Fwp%2Fv2%2Fcomments&post=92"}],"version-history":[{"count":25,"href":"https:\/\/www.dr-thomas-hartung.de\/index.php?rest_route=\/wp\/v2\/pages\/92\/revisions"}],"predecessor-version":[{"id":7079,"href":"https:\/\/www.dr-thomas-hartung.de\/index.php?rest_route=\/wp\/v2\/pages\/92\/revisions\/7079"}],"up":[{"embeddable":true,"href":"https:\/\/www.dr-thomas-hartung.de\/index.php?rest_route=\/wp\/v2\/pages\/14"}],"wp:attachment":[{"href":"https:\/\/www.dr-thomas-hartung.de\/index.php?rest_route=%2Fwp%2Fv2%2Fmedia&parent=92"}],"curies":[{"name":"wp","href":"https:\/\/api.w.org\/{rel}","templated":true}]}}